{"id":964,"date":"2023-02-13T10:01:19","date_gmt":"2023-02-13T07:01:19","guid":{"rendered":"https:\/\/maxwise.eu\/cookie-files\/"},"modified":"2023-06-20T11:36:43","modified_gmt":"2023-06-20T08:36:43","slug":"cookie-files","status":"publish","type":"page","link":"https:\/\/maxwise.eu\/et\/cookie-files\/","title":{"rendered":"K\u00fcpsisefailid"},"content":{"rendered":"<p>Kasutame k\u00fcpsiseid teabe saamiseks selle kohta, kuidas te meie veebisaiti kasutate. K\u00fcpsised v\u00f5imaldavad meil pakkuda teile kasutajas\u00f5bralikumat ja juurdep\u00e4\u00e4setavamat formaati veebisaidi kasutamiseks. Sellised failid tavaliselt ei sisalda andmeid, mis v\u00f5imaldaksid meil tuvastada teid kindla f\u00fc\u00fcsilise isikuna. Teie andmeid t\u00f6\u00f6deldakse k\u00fcpsiste abil sellel ajaperioodil, mille olete lubanud.<\/p>\n<p>P\u00e4rast meie privaatsusp\u00f5him\u00f5tete lugemist palume teil anda n\u00f5usolek oma andmete salvestamiseks ja kasutamiseks vastavalt ajakohastatud privaatsusp\u00f5him\u00f5tetele.<\/p>\n<p>Kui teil on k\u00fcsimusi, kirjutage meile aadressil: <a href=\"mailto:info@maxwise.eu\" target=\"_new\" rel=\"noopener\">info@maxwise.eu<\/a>. T\u00e4name, et valisite meid.<\/p>\n","protected":false},"excerpt":{"rendered":"<p>Kasutame k\u00fcpsiseid teabe saamiseks selle kohta, kuidas te meie veebisaiti kasutate. K\u00fcpsised v\u00f5imaldavad meil pakkuda teile kasutajas\u00f5bralikumat ja juurdep\u00e4\u00e4setavamat formaati veebisaidi kasutamiseks. Sellised failid tavaliselt ei sisalda andmeid, mis v\u00f5imaldaksid meil tuvastada teid kindla f\u00fc\u00fcsilise isikuna. Teie andmeid t\u00f6\u00f6deldakse k\u00fcpsiste abil sellel ajaperioodil, mille olete lubanud. P\u00e4rast meie privaatsusp\u00f5him\u00f5tete lugemist palume teil anda n\u00f5usolek oma &#8230; <a title=\"K\u00fcpsisefailid\" class=\"read-more\" href=\"https:\/\/maxwise.eu\/et\/cookie-files\/\" aria-label=\"More on K\u00fcpsisefailid\">Read more<\/a><\/p>\n","protected":false},"author":1,"featured_media":0,"parent":0,"menu_order":0,"comment_status":"closed","ping_status":"closed","template":"","meta":{"_acf_changed":false,"inline_featured_image":false,"footnotes":""},"class_list":["post-964","page","type-page","status-publish"],"acf":[],"yoast_head":"<!-- This site is optimized with the Yoast SEO plugin v27.4 - https:\/\/yoast.com\/product\/yoast-seo-wordpress\/ -->\n<title>K\u00fcpsisefailid | MAXWISE<\/title>\n<meta name=\"robots\" content=\"index, follow, max-snippet:-1, max-image-preview:large, max-video-preview:-1\" \/>\n<link rel=\"canonical\" href=\"https:\/\/maxwise.eu\/et\/cookie-files\/\" \/>\n<meta property=\"og:locale\" content=\"et_EE\" \/>\n<meta property=\"og:type\" content=\"article\" \/>\n<meta property=\"og:title\" content=\"K\u00fcpsisefailid | MAXWISE\" \/>\n<meta property=\"og:description\" content=\"Kasutame k\u00fcpsiseid teabe saamiseks selle kohta, kuidas te meie veebisaiti kasutate. K\u00fcpsised v\u00f5imaldavad meil pakkuda teile kasutajas\u00f5bralikumat ja juurdep\u00e4\u00e4setavamat formaati veebisaidi kasutamiseks. Sellised failid tavaliselt ei sisalda andmeid, mis v\u00f5imaldaksid meil tuvastada teid kindla f\u00fc\u00fcsilise isikuna. Teie andmeid t\u00f6\u00f6deldakse k\u00fcpsiste abil sellel ajaperioodil, mille olete lubanud. P\u00e4rast meie privaatsusp\u00f5him\u00f5tete lugemist palume teil anda n\u00f5usolek oma ... Read more\" \/>\n<meta property=\"og:url\" content=\"https:\/\/maxwise.eu\/et\/cookie-files\/\" \/>\n<meta property=\"og:site_name\" content=\"MAXWISE\" \/>\n<meta property=\"article:publisher\" content=\"https:\/\/www.facebook.com\/maxwise.eu\" \/>\n<meta property=\"article:modified_time\" content=\"2023-06-20T08:36:43+00:00\" \/>\n<meta property=\"og:image\" content=\"https:\/\/maxwise.eu\/wp-content\/uploads\/2024\/07\/maxwise-pic.png\" \/>\n\t<meta property=\"og:image:width\" content=\"2129\" \/>\n\t<meta property=\"og:image:height\" content=\"1356\" \/>\n\t<meta property=\"og:image:type\" content=\"image\/png\" \/>\n<meta name=\"twitter:card\" content=\"summary_large_image\" \/>\n<meta name=\"twitter:label1\" content=\"Est. reading time\" \/>\n\t<meta name=\"twitter:data1\" content=\"1 minut\" \/>\n<script type=\"application\/ld+json\" class=\"yoast-schema-graph\">{\"@context\":\"https:\\\/\\\/schema.org\",\"@graph\":[{\"@type\":\"WebPage\",\"@id\":\"https:\\\/\\\/maxwise.eu\\\/et\\\/cookie-files\\\/\",\"url\":\"https:\\\/\\\/maxwise.eu\\\/et\\\/cookie-files\\\/\",\"name\":\"K\u00fcpsisefailid | MAXWISE\",\"isPartOf\":{\"@id\":\"https:\\\/\\\/maxwise.eu\\\/et\\\/#website\"},\"datePublished\":\"2023-02-13T07:01:19+00:00\",\"dateModified\":\"2023-06-20T08:36:43+00:00\",\"breadcrumb\":{\"@id\":\"https:\\\/\\\/maxwise.eu\\\/et\\\/cookie-files\\\/#breadcrumb\"},\"inLanguage\":\"et\",\"potentialAction\":[{\"@type\":\"ReadAction\",\"target\":[\"https:\\\/\\\/maxwise.eu\\\/et\\\/cookie-files\\\/\"]}]},{\"@type\":\"BreadcrumbList\",\"@id\":\"https:\\\/\\\/maxwise.eu\\\/et\\\/cookie-files\\\/#breadcrumb\",\"itemListElement\":[{\"@type\":\"ListItem\",\"position\":1,\"name\":\"Kodu\",\"item\":\"https:\\\/\\\/maxwise.eu\\\/et\\\/\"},{\"@type\":\"ListItem\",\"position\":2,\"name\":\"K\u00fcpsisefailid\"}]},{\"@type\":\"WebSite\",\"@id\":\"https:\\\/\\\/maxwise.eu\\\/et\\\/#website\",\"url\":\"https:\\\/\\\/maxwise.eu\\\/et\\\/\",\"name\":\"MAXWISE\",\"description\":\"Estonian Company formation and support with ease\",\"publisher\":{\"@id\":\"https:\\\/\\\/maxwise.eu\\\/et\\\/#organization\"},\"potentialAction\":[{\"@type\":\"SearchAction\",\"target\":{\"@type\":\"EntryPoint\",\"urlTemplate\":\"https:\\\/\\\/maxwise.eu\\\/et\\\/?s={search_term_string}\"},\"query-input\":{\"@type\":\"PropertyValueSpecification\",\"valueRequired\":true,\"valueName\":\"search_term_string\"}}],\"inLanguage\":\"et\"},{\"@type\":\"Organization\",\"@id\":\"https:\\\/\\\/maxwise.eu\\\/et\\\/#organization\",\"name\":\"MAXWISE\",\"url\":\"https:\\\/\\\/maxwise.eu\\\/et\\\/\",\"logo\":{\"@type\":\"ImageObject\",\"inLanguage\":\"et\",\"@id\":\"https:\\\/\\\/maxwise.eu\\\/et\\\/#\\\/schema\\\/logo\\\/image\\\/\",\"url\":\"https:\\\/\\\/maxwise.eu\\\/wp-content\\\/uploads\\\/2026\\\/01\\\/cropped-maxwise_logo_rgb_new.png\",\"contentUrl\":\"https:\\\/\\\/maxwise.eu\\\/wp-content\\\/uploads\\\/2026\\\/01\\\/cropped-maxwise_logo_rgb_new.png\",\"width\":937,\"height\":240,\"caption\":\"MAXWISE\"},\"image\":{\"@id\":\"https:\\\/\\\/maxwise.eu\\\/et\\\/#\\\/schema\\\/logo\\\/image\\\/\"},\"sameAs\":[\"https:\\\/\\\/www.facebook.com\\\/maxwise.eu\"]}]}<\/script>\n<!-- \/ Yoast SEO plugin. -->","yoast_head_json":{"title":"K\u00fcpsisefailid | MAXWISE","robots":{"index":"index","follow":"follow","max-snippet":"max-snippet:-1","max-image-preview":"max-image-preview:large","max-video-preview":"max-video-preview:-1"},"canonical":"https:\/\/maxwise.eu\/et\/cookie-files\/","og_locale":"et_EE","og_type":"article","og_title":"K\u00fcpsisefailid | MAXWISE","og_description":"Kasutame k\u00fcpsiseid teabe saamiseks selle kohta, kuidas te meie veebisaiti kasutate. K\u00fcpsised v\u00f5imaldavad meil pakkuda teile kasutajas\u00f5bralikumat ja juurdep\u00e4\u00e4setavamat formaati veebisaidi kasutamiseks. Sellised failid tavaliselt ei sisalda andmeid, mis v\u00f5imaldaksid meil tuvastada teid kindla f\u00fc\u00fcsilise isikuna. Teie andmeid t\u00f6\u00f6deldakse k\u00fcpsiste abil sellel ajaperioodil, mille olete lubanud. P\u00e4rast meie privaatsusp\u00f5him\u00f5tete lugemist palume teil anda n\u00f5usolek oma ... Read more","og_url":"https:\/\/maxwise.eu\/et\/cookie-files\/","og_site_name":"MAXWISE","article_publisher":"https:\/\/www.facebook.com\/maxwise.eu","article_modified_time":"2023-06-20T08:36:43+00:00","og_image":[{"width":2129,"height":1356,"url":"https:\/\/maxwise.eu\/wp-content\/uploads\/2024\/07\/maxwise-pic.png","type":"image\/png"}],"twitter_card":"summary_large_image","twitter_misc":{"Est. reading time":"1 minut"},"schema":{"@context":"https:\/\/schema.org","@graph":[{"@type":"WebPage","@id":"https:\/\/maxwise.eu\/et\/cookie-files\/","url":"https:\/\/maxwise.eu\/et\/cookie-files\/","name":"K\u00fcpsisefailid | MAXWISE","isPartOf":{"@id":"https:\/\/maxwise.eu\/et\/#website"},"datePublished":"2023-02-13T07:01:19+00:00","dateModified":"2023-06-20T08:36:43+00:00","breadcrumb":{"@id":"https:\/\/maxwise.eu\/et\/cookie-files\/#breadcrumb"},"inLanguage":"et","potentialAction":[{"@type":"ReadAction","target":["https:\/\/maxwise.eu\/et\/cookie-files\/"]}]},{"@type":"BreadcrumbList","@id":"https:\/\/maxwise.eu\/et\/cookie-files\/#breadcrumb","itemListElement":[{"@type":"ListItem","position":1,"name":"Kodu","item":"https:\/\/maxwise.eu\/et\/"},{"@type":"ListItem","position":2,"name":"K\u00fcpsisefailid"}]},{"@type":"WebSite","@id":"https:\/\/maxwise.eu\/et\/#website","url":"https:\/\/maxwise.eu\/et\/","name":"MAXWISE","description":"Estonian Company formation and support with ease","publisher":{"@id":"https:\/\/maxwise.eu\/et\/#organization"},"potentialAction":[{"@type":"SearchAction","target":{"@type":"EntryPoint","urlTemplate":"https:\/\/maxwise.eu\/et\/?s={search_term_string}"},"query-input":{"@type":"PropertyValueSpecification","valueRequired":true,"valueName":"search_term_string"}}],"inLanguage":"et"},{"@type":"Organization","@id":"https:\/\/maxwise.eu\/et\/#organization","name":"MAXWISE","url":"https:\/\/maxwise.eu\/et\/","logo":{"@type":"ImageObject","inLanguage":"et","@id":"https:\/\/maxwise.eu\/et\/#\/schema\/logo\/image\/","url":"https:\/\/maxwise.eu\/wp-content\/uploads\/2026\/01\/cropped-maxwise_logo_rgb_new.png","contentUrl":"https:\/\/maxwise.eu\/wp-content\/uploads\/2026\/01\/cropped-maxwise_logo_rgb_new.png","width":937,"height":240,"caption":"MAXWISE"},"image":{"@id":"https:\/\/maxwise.eu\/et\/#\/schema\/logo\/image\/"},"sameAs":["https:\/\/www.facebook.com\/maxwise.eu"]}]}},"_links":{"self":[{"href":"https:\/\/maxwise.eu\/et\/wp-json\/wp\/v2\/pages\/964","targetHints":{"allow":["GET"]}}],"collection":[{"href":"https:\/\/maxwise.eu\/et\/wp-json\/wp\/v2\/pages"}],"about":[{"href":"https:\/\/maxwise.eu\/et\/wp-json\/wp\/v2\/types\/page"}],"author":[{"embeddable":true,"href":"https:\/\/maxwise.eu\/et\/wp-json\/wp\/v2\/users\/1"}],"replies":[{"embeddable":true,"href":"https:\/\/maxwise.eu\/et\/wp-json\/wp\/v2\/comments?post=964"}],"version-history":[{"count":2,"href":"https:\/\/maxwise.eu\/et\/wp-json\/wp\/v2\/pages\/964\/revisions"}],"predecessor-version":[{"id":1040,"href":"https:\/\/maxwise.eu\/et\/wp-json\/wp\/v2\/pages\/964\/revisions\/1040"}],"wp:attachment":[{"href":"https:\/\/maxwise.eu\/et\/wp-json\/wp\/v2\/media?parent=964"}],"curies":[{"name":"wp","href":"https:\/\/api.w.org\/{rel}","templated":true}]}}