{"id":958,"date":"2023-02-10T18:23:04","date_gmt":"2023-02-10T15:23:04","guid":{"rendered":"https:\/\/maxwise.eu\/home\/"},"modified":"2026-03-27T14:14:14","modified_gmt":"2026-03-27T11:14:14","slug":"home","status":"publish","type":"page","link":"https:\/\/maxwise.eu\/et\/","title":{"rendered":"Avaleht"},"content":{"rendered":"","protected":false},"excerpt":{"rendered":"","protected":false},"author":1,"featured_media":683,"parent":0,"menu_order":0,"comment_status":"closed","ping_status":"closed","template":"templates\/homepage-tpl.php","meta":{"_acf_changed":false,"inline_featured_image":false,"footnotes":""},"class_list":["post-958","page","type-page","status-publish","has-post-thumbnail"],"acf":[],"yoast_head":"<!-- This site is optimized with the Yoast SEO plugin v27.2 - https:\/\/yoast.com\/product\/yoast-seo-wordpress\/ -->\n<title>Ettev\u00f5tte registreerimine Eestis \u2014 MAXWISE<\/title>\n<meta name=\"description\" content=\"Asutage ettev\u00f5te Eestis lihtsalt ja kiiresti. Nulltulumaks, raamatupidamine ja t\u00e4ielik tugi teie \u00e4ri alustamiseks MAXWISE abil.\" \/>\n<meta name=\"robots\" content=\"index, follow, max-snippet:-1, max-image-preview:large, max-video-preview:-1\" \/>\n<link rel=\"canonical\" href=\"https:\/\/maxwise.eu\/et\/\" \/>\n<meta property=\"og:locale\" content=\"et_EE\" \/>\n<meta property=\"og:type\" content=\"article\" \/>\n<meta property=\"og:title\" content=\"Ettev\u00f5tte registreerimine Eestis \u2014 MAXWISE\" \/>\n<meta property=\"og:description\" content=\"Asutage ettev\u00f5te Eestis lihtsalt ja kiiresti. Nulltulumaks, raamatupidamine ja t\u00e4ielik tugi teie \u00e4ri alustamiseks MAXWISE abil.\" \/>\n<meta property=\"og:url\" content=\"https:\/\/maxwise.eu\/et\/\" \/>\n<meta property=\"og:site_name\" content=\"MAXWISE\" \/>\n<meta property=\"article:publisher\" content=\"https:\/\/www.facebook.com\/maxwise.eu\" \/>\n<meta property=\"article:modified_time\" content=\"2026-03-27T11:14:14+00:00\" \/>\n<meta property=\"og:image\" content=\"https:\/\/maxwise.eu\/wp-content\/uploads\/2024\/07\/maxwise-pic.png\" \/>\n\t<meta property=\"og:image:width\" content=\"2129\" \/>\n\t<meta property=\"og:image:height\" content=\"1356\" \/>\n\t<meta property=\"og:image:type\" content=\"image\/png\" \/>\n<meta name=\"twitter:card\" content=\"summary_large_image\" \/>\n<meta name=\"twitter:label1\" content=\"Est. reading time\" \/>\n\t<meta name=\"twitter:data1\" content=\"4 minutit\" \/>\n<script type=\"application\/ld+json\" class=\"yoast-schema-graph\">{\"@context\":\"https:\/\/schema.org\",\"@graph\":[{\"@type\":\"WebPage\",\"@id\":\"https:\/\/maxwise.eu\/et\/\",\"url\":\"https:\/\/maxwise.eu\/et\/\",\"name\":\"Ettev\u00f5tte registreerimine Eestis \u2014 MAXWISE\",\"isPartOf\":{\"@id\":\"https:\/\/maxwise.eu\/et\/#website\"},\"primaryImageOfPage\":{\"@id\":\"https:\/\/maxwise.eu\/et\/#primaryimage\"},\"image\":{\"@id\":\"https:\/\/maxwise.eu\/et\/#primaryimage\"},\"thumbnailUrl\":\"https:\/\/maxwise.eu\/wp-content\/uploads\/2023\/02\/bunner.png\",\"datePublished\":\"2023-02-10T15:23:04+00:00\",\"dateModified\":\"2026-03-27T11:14:14+00:00\",\"description\":\"Asutage ettev\u00f5te Eestis lihtsalt ja kiiresti. Nulltulumaks, raamatupidamine ja t\u00e4ielik tugi teie \u00e4ri alustamiseks MAXWISE abil.\",\"breadcrumb\":{\"@id\":\"https:\/\/maxwise.eu\/et\/#breadcrumb\"},\"inLanguage\":\"et\",\"potentialAction\":[{\"@type\":\"ReadAction\",\"target\":[\"https:\/\/maxwise.eu\/et\/\"]}]},{\"@type\":\"ImageObject\",\"inLanguage\":\"et\",\"@id\":\"https:\/\/maxwise.eu\/et\/#primaryimage\",\"url\":\"https:\/\/maxwise.eu\/wp-content\/uploads\/2023\/02\/bunner.png\",\"contentUrl\":\"https:\/\/maxwise.eu\/wp-content\/uploads\/2023\/02\/bunner.png\",\"width\":1912,\"height\":904},{\"@type\":\"BreadcrumbList\",\"@id\":\"https:\/\/maxwise.eu\/et\/#breadcrumb\",\"itemListElement\":[{\"@type\":\"ListItem\",\"position\":1,\"name\":\"Kodu\",\"item\":\"https:\/\/maxwise.eu\/et\/\"},{\"@type\":\"ListItem\",\"position\":2,\"name\":\"Avaleht\"}]},{\"@type\":\"WebSite\",\"@id\":\"https:\/\/maxwise.eu\/et\/#website\",\"url\":\"https:\/\/maxwise.eu\/et\/\",\"name\":\"MAXWISE\",\"description\":\"Estonian company registration and support with ease\",\"publisher\":{\"@id\":\"https:\/\/maxwise.eu\/et\/#organization\"},\"potentialAction\":[{\"@type\":\"SearchAction\",\"target\":{\"@type\":\"EntryPoint\",\"urlTemplate\":\"https:\/\/maxwise.eu\/et\/?s={search_term_string}\"},\"query-input\":{\"@type\":\"PropertyValueSpecification\",\"valueRequired\":true,\"valueName\":\"search_term_string\"}}],\"inLanguage\":\"et\"},{\"@type\":\"Organization\",\"@id\":\"https:\/\/maxwise.eu\/et\/#organization\",\"name\":\"MAXWISE\",\"url\":\"https:\/\/maxwise.eu\/et\/\",\"logo\":{\"@type\":\"ImageObject\",\"inLanguage\":\"et\",\"@id\":\"https:\/\/maxwise.eu\/et\/#\/schema\/logo\/image\/\",\"url\":\"https:\/\/maxwise.eu\/wp-content\/uploads\/2026\/01\/cropped-maxwise_logo_rgb_new.png\",\"contentUrl\":\"https:\/\/maxwise.eu\/wp-content\/uploads\/2026\/01\/cropped-maxwise_logo_rgb_new.png\",\"width\":937,\"height\":240,\"caption\":\"MAXWISE\"},\"image\":{\"@id\":\"https:\/\/maxwise.eu\/et\/#\/schema\/logo\/image\/\"},\"sameAs\":[\"https:\/\/www.facebook.com\/maxwise.eu\"]}]}<\/script>\n<!-- \/ Yoast SEO plugin. -->","yoast_head_json":{"title":"Ettev\u00f5tte registreerimine Eestis \u2014 MAXWISE","description":"Asutage ettev\u00f5te Eestis lihtsalt ja kiiresti. Nulltulumaks, raamatupidamine ja t\u00e4ielik tugi teie \u00e4ri alustamiseks MAXWISE abil.","robots":{"index":"index","follow":"follow","max-snippet":"max-snippet:-1","max-image-preview":"max-image-preview:large","max-video-preview":"max-video-preview:-1"},"canonical":"https:\/\/maxwise.eu\/et\/","og_locale":"et_EE","og_type":"article","og_title":"Ettev\u00f5tte registreerimine Eestis \u2014 MAXWISE","og_description":"Asutage ettev\u00f5te Eestis lihtsalt ja kiiresti. Nulltulumaks, raamatupidamine ja t\u00e4ielik tugi teie \u00e4ri alustamiseks MAXWISE abil.","og_url":"https:\/\/maxwise.eu\/et\/","og_site_name":"MAXWISE","article_publisher":"https:\/\/www.facebook.com\/maxwise.eu","article_modified_time":"2026-03-27T11:14:14+00:00","og_image":[{"width":2129,"height":1356,"url":"https:\/\/maxwise.eu\/wp-content\/uploads\/2024\/07\/maxwise-pic.png","type":"image\/png"}],"twitter_card":"summary_large_image","twitter_misc":{"Est. reading time":"4 minutit"},"schema":{"@context":"https:\/\/schema.org","@graph":[{"@type":"WebPage","@id":"https:\/\/maxwise.eu\/et\/","url":"https:\/\/maxwise.eu\/et\/","name":"Ettev\u00f5tte registreerimine Eestis \u2014 MAXWISE","isPartOf":{"@id":"https:\/\/maxwise.eu\/et\/#website"},"primaryImageOfPage":{"@id":"https:\/\/maxwise.eu\/et\/#primaryimage"},"image":{"@id":"https:\/\/maxwise.eu\/et\/#primaryimage"},"thumbnailUrl":"https:\/\/maxwise.eu\/wp-content\/uploads\/2023\/02\/bunner.png","datePublished":"2023-02-10T15:23:04+00:00","dateModified":"2026-03-27T11:14:14+00:00","description":"Asutage ettev\u00f5te Eestis lihtsalt ja kiiresti. Nulltulumaks, raamatupidamine ja t\u00e4ielik tugi teie \u00e4ri alustamiseks MAXWISE abil.","breadcrumb":{"@id":"https:\/\/maxwise.eu\/et\/#breadcrumb"},"inLanguage":"et","potentialAction":[{"@type":"ReadAction","target":["https:\/\/maxwise.eu\/et\/"]}]},{"@type":"ImageObject","inLanguage":"et","@id":"https:\/\/maxwise.eu\/et\/#primaryimage","url":"https:\/\/maxwise.eu\/wp-content\/uploads\/2023\/02\/bunner.png","contentUrl":"https:\/\/maxwise.eu\/wp-content\/uploads\/2023\/02\/bunner.png","width":1912,"height":904},{"@type":"BreadcrumbList","@id":"https:\/\/maxwise.eu\/et\/#breadcrumb","itemListElement":[{"@type":"ListItem","position":1,"name":"Kodu","item":"https:\/\/maxwise.eu\/et\/"},{"@type":"ListItem","position":2,"name":"Avaleht"}]},{"@type":"WebSite","@id":"https:\/\/maxwise.eu\/et\/#website","url":"https:\/\/maxwise.eu\/et\/","name":"MAXWISE","description":"Estonian company registration and support with ease","publisher":{"@id":"https:\/\/maxwise.eu\/et\/#organization"},"potentialAction":[{"@type":"SearchAction","target":{"@type":"EntryPoint","urlTemplate":"https:\/\/maxwise.eu\/et\/?s={search_term_string}"},"query-input":{"@type":"PropertyValueSpecification","valueRequired":true,"valueName":"search_term_string"}}],"inLanguage":"et"},{"@type":"Organization","@id":"https:\/\/maxwise.eu\/et\/#organization","name":"MAXWISE","url":"https:\/\/maxwise.eu\/et\/","logo":{"@type":"ImageObject","inLanguage":"et","@id":"https:\/\/maxwise.eu\/et\/#\/schema\/logo\/image\/","url":"https:\/\/maxwise.eu\/wp-content\/uploads\/2026\/01\/cropped-maxwise_logo_rgb_new.png","contentUrl":"https:\/\/maxwise.eu\/wp-content\/uploads\/2026\/01\/cropped-maxwise_logo_rgb_new.png","width":937,"height":240,"caption":"MAXWISE"},"image":{"@id":"https:\/\/maxwise.eu\/et\/#\/schema\/logo\/image\/"},"sameAs":["https:\/\/www.facebook.com\/maxwise.eu"]}]}},"_links":{"self":[{"href":"https:\/\/maxwise.eu\/et\/wp-json\/wp\/v2\/pages\/958","targetHints":{"allow":["GET"]}}],"collection":[{"href":"https:\/\/maxwise.eu\/et\/wp-json\/wp\/v2\/pages"}],"about":[{"href":"https:\/\/maxwise.eu\/et\/wp-json\/wp\/v2\/types\/page"}],"author":[{"embeddable":true,"href":"https:\/\/maxwise.eu\/et\/wp-json\/wp\/v2\/users\/1"}],"replies":[{"embeddable":true,"href":"https:\/\/maxwise.eu\/et\/wp-json\/wp\/v2\/comments?post=958"}],"version-history":[{"count":28,"href":"https:\/\/maxwise.eu\/et\/wp-json\/wp\/v2\/pages\/958\/revisions"}],"predecessor-version":[{"id":3608,"href":"https:\/\/maxwise.eu\/et\/wp-json\/wp\/v2\/pages\/958\/revisions\/3608"}],"wp:featuredmedia":[{"embeddable":true,"href":"https:\/\/maxwise.eu\/et\/wp-json\/wp\/v2\/media\/683"}],"wp:attachment":[{"href":"https:\/\/maxwise.eu\/et\/wp-json\/wp\/v2\/media?parent=958"}],"curies":[{"name":"wp","href":"https:\/\/api.w.org\/{rel}","templated":true}]}}