{"id":1041,"date":"2023-02-13T10:00:04","date_gmt":"2023-02-13T07:00:04","guid":{"rendered":"https:\/\/maxwise.eu\/terms-conditions\/"},"modified":"2023-06-20T11:51:19","modified_gmt":"2023-06-20T08:51:19","slug":"terms-conditions","status":"publish","type":"page","link":"https:\/\/maxwise.eu\/et\/terms-conditions\/","title":{"rendered":"Kasutustingimused"},"content":{"rendered":"<p>Teave meie veebisaidi kohta<\/p>\n<p>Veebisait maxwise.eu (edaspidi &#8220;Veebisait&#8221;) on Maxwise O\u00dc ametlik veebisait, mis on asutatud ja tegutseb vastavalt Eesti Vabariigi seadustele, registrikood 10021807, aadress J\u00f5e 4c, 10151 Tallinn, Eesti.<\/p>\n<p>Teie Veebisaidi kasutamine allub nendele Tingimustele ja Konditsioonidele meie veebisaidi jaoks. Kui j\u00e4tkate Veebisaidi k\u00fclastamist, n\u00f5ustute selgelt nende tingimustega.<\/p>\n<p>Teenused<\/p>\n<p><strong>1. \u00dcldised terminid<\/strong><\/p>\n<p>1.1. Kirjeldus ja hinnad Maxwise O\u00dc poolt pakutavate teenuste kohta on esitatud sellel veebisaidil ja\/v\u00f5i pakkumises kliendile ja\/v\u00f5i lepingus kliendiga.<\/p>\n<p>1.2 Klient, st isik, kellele Maxwise O\u00dc osutab teenuseid, on igasugune f\u00fc\u00fcsiline v\u00f5i juriidiline isik, kellega Maxwise O\u00dc on s\u00f5lminud kliendi lepingu v\u00f5i kellele Maxwise O\u00dc osutab teenuseid muul \u00f5iguslikul alusel (edaspidi nimetatud &#8220;Klient&#8221;) v\u00f5i kes k\u00fclastab\/kasutab seda veebisaiti.<\/p>\n<p>Lepingu v\u00f5ib s\u00f5lmida ka kolmanda isiku kasuks (edaspidi nimetatud &#8220;Kasu saaja&#8221;). M\u00f5iste Klient ja Kunde teistes Poolte poolt s\u00f5lmitud lepingutes on samav\u00e4\u00e4rne.<\/p>\n<p>1.3 Maxwise O\u00dc ja Klienti nimetatakse edaspidi &#8220;Poolteks&#8221; ja koos &#8220;Pooled&#8221;.<\/p>\n<p>1.4. K\u00e4esolevad tingimused kehtivad k\u00f5ikidele teenustele ja moodustavad \u00f5igusliku lepingu (Lepingu) Maxwise O\u00dc ja veebisaidi kasutaja\/Kliendi vahel. Praegused tingimused on esitatud veebisaidil.<\/p>\n<p>1.5. Maxwise O\u00dc teenuste ostmisega n\u00f5ustute k\u00e4esoleva Lepinguga.<\/p>\n<p>Teenuste tellimisel veebisaidil on Klient kohustatud j\u00e4rgima veebip\u00f5hist tellimisprotseduuri.<\/p>\n<p>1.6. Leping kehtib selles m\u00e4rgitud perioodi v\u00e4ltel, mille j\u00e4rel seda saab automaatselt pikendada Poolte kokkuleppel v\u00f5i kuni l\u00f5petamiseni Kliendi v\u00f5i Maxwise O\u00dc poolt.<\/p>\n<p>1.7. Maxwise O\u00dc v\u00f5ib l\u00f5petada v\u00f5i piirata teenuse kasutamist m\u00e4\u00e4ratud kuup\u00e4eval v\u00f5i igal uuendusperioodi l\u00f5pul, kui Klient ei t\u00e4ida Lepingu tingimusi.<\/p>\n<p>1.8. Klient v\u00f5ib kasutada Maxwise O\u00dc teenuseid ainult Maxwise O\u00dc loal. Kui Klient kasutab Maxwise O\u00dc teenuseid ilma loata v\u00f5i ei tasu teenuse v\u00f5i teenuse pikendamise eest, on Maxwise O\u00dc-l \u00f5igus l\u00f5petada koost\u00f6\u00f6 ja\/v\u00f5i teenuste osutamine.<\/p>\n<p><strong>2. KLIENDI KOHUSTUSED<\/strong><\/p>\n<p>2.1 Klient garanteerib, et Kliendi poolt esitatud teave on t\u00f5ene ja \u00f5ige ning Klient on ainuisikuliselt vastutav dokumentide tagasil\u00fckkamise eest, mis on ebat\u00e4psed v\u00f5i puudulikud.<\/p>\n<p>2.2 Klient teavitab Maxwise O\u00dc-d viivitamatult kirjalikult k\u00f5ikidest kontaktandmete muudatustest, mis on m\u00e4rgitud tellimisvormis.<\/p>\n<p>2.3 Klient tagab, et Maxwise O\u00dc-le antakse ette k\u00f5ik dokumendid, teave ja muud materjalid (sh nende muudatused), mis on vajalikud Teenuste osutamiseks, et v\u00f5imaldada Maxwise O\u00dc-l teostada \u00fclesandeid korrektselt t\u00f6\u00f6ajal.<\/p>\n<p>2.4 Klient teeb k\u00f5ik m\u00f5istlikult vajaliku selleks, et Maxwise O\u00dc saaks oma \u00fclesandeid t\u00e4ita vastavalt Lepingu ja\/v\u00f5i Poolte vahel s\u00f5lmitud lepingutele. Maxwise O\u00dc p\u00e4ringutele ja taotlustele tuleb vastata viivitamatult.<\/p>\n<p><strong>3. Maxwise O\u00dc KOHUSTUSED ja \u00d5IGUSED<\/strong><\/p>\n<p>3.1 Maxwise O\u00dc v\u00f5tab vajalikud meetmed Kliendi andmete v\u00f5i teabe turvalisuse tagamiseks vastavalt Privaatsuspoliitikale.<\/p>\n<p>Maxwise O\u00dc v\u00f5ib koguda, kasutada, edastada, salvestada v\u00f5i muul viisil t\u00f6\u00f6delda Kliendi poolt esitatud isikutega seotud teavet (edaspidi &#8220;Isikuandmed&#8221;) vastavalt kohaldatava seaduse s\u00e4tetele ja kehtivatele Privaatsuspoliitika ja Kliendi andmete t\u00f6\u00f6tlemise p\u00f5him\u00f5tetele.<\/p>\n<p>3.2 Maxwise O\u00dc aktsepteerib tellimusi ainult juhul, kui Klient vastutab otseselt teenuste eest tasumise eest.<\/p>\n<p>3.3. Maxwise O\u00dc tegutseb Kliendi v\u00f5i Kliendi poolt otse volitatud isiku (edaspidi &#8220;Volitatud Isik&#8221;) kirjalike v\u00f5i kokkulepitud suuliste juhiste alusel.<\/p>\n<p>3.4 Kliendi taotluse vastuv\u00f5tmisega n\u00f5ustub Maxwise O\u00dc koost\u00f6\u00f6ga. Tellimus loetakse aktsepteerituks vastava elektroonilise kinnituse saatmisel.<\/p>\n<p>3.5 Maxwise O\u00dc-l on \u00f5igus lisatasu eest k\u00fcsida lisakulusid, mis on vajalikud tellimuse t\u00e4itmiseks. Lisakulude summa kokku lepitakse eelnevalt.<\/p>\n<p>3.6 Palun v\u00f5tke \u00fchendust \u00fche meie konsultandiga, et saada rohkem teavet teenuste osutamise aja kohta Maxwise O\u00dc poolt.<\/p>\n<p>3.7 Maxwise O\u00dc ei vastuta, kui Klient ei kasuta t\u00e4iendavat v\u00f5i t\u00e4psemat teabe saamiseks m\u00f5eldud aega tellimuse t\u00e4itmiseks.<\/p>\n<p>3.8 Kui Maxwise O\u00dc on proovinud Kliendiga \u00fchendust v\u00f5tta, et pakkuda paremaid teenuseid, kuid ei ole saanud Kliendilt m\u00e4\u00e4ratud ajavahemiku jooksul vastust (kirjas\/lepingus\/eelnevates kokkulepetes), v\u00f5ib Maxwise O\u00dc \u00fchepoolsete meetmetena peatada koost\u00f6\u00f6lepingu.<\/p>\n<p>3.9 Maxwise O\u00dc ei vastuta kolmandate isikute tegevuste eest, kes on kaasatud tellimuse t\u00e4itmisse, sealhulgas, kuid mitte ainult, notarib\u00fcrood, t\u00f5lkeb\u00fcrood, valitsusasutused ja postiettev\u00f5tted.<\/p>\n<p>3.10 Maxwise O\u00dc-l on \u00f5igus hoiduda mistahes tegevustest juhtudel, kui ta arvab, et sellised tegevused v\u00f5ivad tema seisukohast olla ebaseaduslikud.<\/p>\n<p>3.11 Kui teenuste osutamise k\u00e4igus on vaja professionaalset abi ekspertidelt, konsultantidelt, spetsialistidelt jms, kes ei ole Maxwise O\u00dc t\u00f6\u00f6tajad, v\u00f5ivad Poolte kokkuleppel olla ette n\u00e4htud, et Maxwise O\u00dc otsib p\u00e4deva ja kompetentse eksperti vastavalt vajalikule valdkonnale. Sellisel juhul teeb Maxwise O\u00dc Kliendile heausksete kavatsustega ettepaneku \u00fche v\u00f5i mitme eksperdi kohta ning kogub hindamispakkumisi nendelt ekspertidelt.<\/p>\n<p>Maxwise O\u00dc konsulteerib Kliendiga mis tahes kutsutud eksperdi tasu osas enne sellega seotud kulude tekkimist. Klient s\u00f5lmib otse vastava eksperdiga teenuste osutamise lepingu v\u00f5i Pooltel v\u00f5ib olla kokkulepe, et Maxwise O\u00dc s\u00f5lmib sellise lepingu. Igas olukorras ei vastuta Maxwise O\u00dc selliste kutsutud konsultantide ja muude teenusepakkujate pakutavate anal\u00fc\u00fcside, arvamuste, selgituste ega teiste tulemuste t\u00e4psuse eest.<\/p>\n<p><strong style=\"font-size: inherit; font-family: -apple-system, system-ui, BlinkMacSystemFont, 'Segoe UI', Helvetica, Arial, sans-serif, 'Apple Color Emoji', 'Segoe UI Emoji', 'Segoe UI Symbol';\">4. TEENUSTE EEST MAKSE<\/strong><\/p>\n<p>4.1 Te peate tasuma tellitud teenuste eest t\u00e4ieliku summa, et alustada koost\u00f6\u00f6d Maxwise O\u00dc-ga.<\/p>\n<p>4.2 J\u00e4rgmised makseviisid on saadaval Maxwise O\u00dc klientidele:<\/p>\n<p>Pangak\u00fclg;<br \/>\nkrediitkaardimakse Maxwise O\u00dc kontoris;<br \/>\nsularahamakse Maxwise O\u00dc kontoris;<br \/>\nPayPal;<br \/>\nMyPos.<\/p>\n<p>4.3 Klient peab tagama, et Maxwise O\u00dc oleks saanud t\u00e4ieliku makse. Kui Maxwise O\u00dc ei saa t\u00e4ielikku makset, ei osutata teenust.<\/p>\n<p>4.4 Enne koost\u00f6\u00f6 alustamist peab klient teavitama Maxwise O\u00dc-d eelistatud makseviisist tellitud teenuse eest, et Maxwise O\u00dc saaks pakkuda \u00f5igeid maksete \u00fcksikasju.<\/p>\n<p>4.5 Klient tasub \u00f5igeaegselt k\u00f5ik tellimuse t\u00e4itmisest tulenevad riiklikud maksud, v\u00e4lja arvatud juhul, kui on kokku lepitud teisiti.<\/p>\n<p>4.6 Maxwise O\u00dc-l on \u00f5igus \u00fcksipoolselt aastas korrigeerida teenuste eest makstava tasu summat, teavitades klienti sellest v\u00e4hemalt 30 (kolmk\u00fcmmend) p\u00e4eva ette. Maxwise O\u00dc-l on samuti \u00f5igus korrigeerida tasu maksumust, kui lepingu s\u00f5lmimise ajal oluliselt muutuvad lepingu s\u00f5lmimise tingimused v\u00f5i kui teenuste osutamine lepingu alusel osutub m\u00e4rkimisv\u00e4\u00e4rselt keerukamaks ja ajamahukamaks kui pooled oleksid m\u00f5istlikult ette n\u00e4inud. Kui klient ei n\u00f5ustu Tasu korrigeerimisega, on tal \u00f5igus leping l\u00f5petada.<\/p>\n<p>4.7 Lisaks teenuste eest tasumisele h\u00fcvitab klient Maxwise O\u00dc-le k\u00f5ik dokumendiga t\u00f5endatud kulud ja kulutused, sealhulgas need, mida on tasunud ja tekitanud Maxwise O\u00dc seoses teenuste osutamisega, sealhulgas, kuid mitte ainult riigil\u00f5ivud, notaritasud, \u00fclekandekulud, t\u00e4iendavad maksud, k\u00e4ibemaks, p\u00f6\u00f6rdmaksustamine jne. Maxwise O\u00dc teavitab klienti ette selliste kulude iseloomust ja summast.<\/p>\n<p><strong>5. TAGASTUSPOLIITIKA<\/strong><\/p>\n<p>5.1 Maksete tagastamine Maxwise O\u00dc-le ei ole v\u00f5imalik. Olenemata sellest, kas osutatav teenus peatatakse, t\u00fchistatakse v\u00f5i pikendatakse enne praeguse teenusperioodi l\u00f5ppu, ei ole kliendil \u00f5igust n\u00f5uda tagasimakset ega kasutada makstud summat teiste Maxwise O\u00dc-lepinguliste teenuste tellimiseks.<\/p>\n<p><strong>6. VASTUTUS KOOST\u00d6\u00d6TINGIMUSTE rikkumiste eest<\/strong><\/p>\n<p>6.1 Klient ei tohi esitada vale- ega ebaseaduslikku materjali \/ teavet mistahes kujul. Kui klient ei j\u00e4rgi seda reeglit, teavitatakse teda e-posti teel, et reeglite mittej\u00e4rgimine v\u00f5ib kaasa tuua koost\u00f6\u00f6 peatamise.<\/p>\n<p>6.2 Maxwise O\u00dc-l ei ole kohustust kontrollida Kliendi poolt Maxwise O\u00dc-le esitatud teabe t\u00e4psust ega usaldusv\u00e4\u00e4rsust. Maxwise O\u00dc ei vastuta Kliendi esitatud teabe t\u00e4psuse eest.<\/p>\n<p>6.3 Maxwise O\u00dc ei anna mingeid garantiisid selle kohta, et antud soovitused ja n\u00f5uanded viivad Kliendi jaoks mingisugustele s\u00e4\u00e4studele.<\/p>\n<p>6.4 Maxwise O\u00dc ei vastuta \u00fclesannete t\u00e4itmisest tuleneva kahju eest ega seoses \u00fclesandega tekkinud kahju eest, v\u00e4lja arvatud juhul, kui Maxwise O\u00dc on sellise kahju tekitanud tahtlikult v\u00f5i raske hooletuse t\u00f5ttu. Maxwise O\u00dc ei vastuta kaudse kahju eest (kaudne kahju h\u00f5lmab muu hulgas saamata j\u00e4\u00e4nud tulusid). Maxwise O\u00dc koguvastutus lepingu alusel on piiratud konkreetse tellimuse raames Maxwise O\u00dc poolt saadud Tasu kogusummaga ega \u00fcleta teenuste maksumust, mis on osutatud 12 (kaksteist) kuud enne vastava taotluse esitamise kuup\u00e4eva.<\/p>\n<p>6.5 Klient kohustub h\u00fcvitama Maxwise O\u00dc-le igakordselt ja kaitsma teda igasuguste kahjude, n\u00f5uete, h\u00fcvitiste ja kulude (sealhulgas m\u00f5istlikud \u00f5igusabikulud), mis tulenevad v\u00f5i on seotud Maxwise O\u00dc osalemisega tehingus, mille eest Maxwise O\u00dc ei vastuta vastavalt k\u00e4esolevale lepingule.<\/p>\n<p>6.6 Klient on kohustatud j\u00e4rgima Maxwise O\u00dc poolt kehtestatud hoolsuskohustuse meetmeid ning esitama Maxwise O\u00dc-le kogu vajaliku teabe ja dokumentatsiooni.<\/p>\n<p>6.7 Kui tekib vaidlus Poolte vahel seoses Lepingu alusel, peab Klient tegema j\u00f5upingutusi vaidluse s\u00f5bralikuks lahendamiseks. Kui kokkuleppele ei j\u00f5uta, v\u00f5ib vaidluse suunata Harju Maakohtusse.<\/p>\n<p>6.8 K\u00e4esolevat lepingut reguleerivad ja t\u00f5lgendavad Eesti \u00f5igused.<\/p>\n<p><strong>7. KONFIDENTSIAALSUS<\/strong><\/p>\n<p>7.1 Lepingu kehtivuse ajal ei tohi Maxwise O\u00dc (v\u00e4lja arvatud teenuste osutamiseks) kasutada ega avaldada kolmandatele isikutele Kliendi \u00e4risaladust, isikuandmeid ega mis tahes teavet Teenuste, \u00e4riplaani v\u00f5i Kliendi v\u00f5i selle sidusettev\u00f5tete tegevuse kohta, sealhulgas (ilma piiranguteta) mis tahes teavet, mis kuulub Kliendile v\u00f5i seotud isikutele (edaspidi &#8220;Konfidentsiaalne teave&#8221;), tingimusel et \u00fclaltoodud piirang ei kehti Konfidentsiaalse teabe suhtes: (i) mis oli avalikkusele teada selle avaldamise ajal Maxwise O\u00dc poolt v\u00f5i hiljem ilma Maxwise O\u00dc s\u00fc\u00fcta avalikult k\u00e4ttesaadavaks sai; (ii) mis oli juba Maxwise O\u00dc-le avaldamise hetkel teada ja mida Maxwise O\u00dc saab t\u00f5endada; (iii) mida Maxwise O\u00dc on iseseisvalt arendanud, kasutamata selleks muid Konfidentsiaalseid teavet; v\u00f5i (iv) mis avaldati Maxwise O\u00dc-le kolmanda isiku poolt, ilma et Maxwise O\u00dc rikkusks seda Lepingut v\u00f5i rikkudes Kliendi \u00f5igusi.<\/p>\n<p>7.2 K\u00e4esolev jaotis 7 ei takista Konfidentsiaalse teabe avaldamist juhtudel, kui:<\/p>\n<p>7.2.1 Pool on kohustatud sellist Konfidentsiaalset teavet avaldama seaduse v\u00f5i mis tahes kohtu v\u00f5i muu p\u00e4deva asutuse otsuse kohaselt;<\/p>\n<p>7.2.2 Pool peab sellist Konfidentsiaalset teavet avaldama vastavalt kohaldatavatele eeskirjadele;<\/p>\n<p>7.2.3 Teine pool on andnud sellele kirjaliku n\u00f5usoleku sellise avaldamise kohta; v\u00f5i<\/p>\n<p>7.2.4 Konfidentsiaalne teave avaldatakse professionaalsetele n\u00f5ustajatele (kes vastutavad avaldatava teabe konfidentsiaalsuse s\u00e4ilitamise eest).<\/p>\n<p><strong>8. POOLTE KOHUSTUSED V\u00c4LTIDA RAHAPESU JA TERRORISMI RAHASTAMIST<\/strong><\/p>\n<p>8.1 Lepingu t\u00e4itmisel peavad Pooled j\u00e4rgima Eesti rahapesu ja terrorismi rahastamise t\u00f5kestamise seaduse ja muude asjakohaste \u00f5igusaktide n\u00f5udeid.<\/p>\n<p>8.2 Klient peab koost\u00f6\u00f6d tegema Maxwise O\u00dc-ga seadusest tulenevate kohustuste t\u00e4itmisel, sealhulgas Kliendi tuvastamise ja tema rahaliste vahendite p\u00e4ritolu allikate jms osas. Maxwise O\u00dc-l on k\u00f5ik \u00f5igused, mis tulenevad seadusest ja asjakohastest m\u00e4\u00e4rustest, sealhulgas \u00f5igus keelduda teenuste osutamisest v\u00f5i l\u00f5petada \u00e4risuhted Kliendiga seaduses s\u00e4testatud juhtudel. Eriti on Maxwise O\u00dc-l \u00f5igus l\u00f5petada k\u00e4esolev Leping hoiatuseta, kui Klient ei esita vastava palvele vaatamata seaduse ja muude kohaldatavate eeskirjade kohaselt n\u00f5utavaid dokumente ja muid asjakohaseid teavet rahapesu ja terrorismi rahastamise t\u00f5kestamise kohta v\u00f5i kui Kliendi esitatud dokumendid v\u00f5i teave ei k\u00f5rvalda kahtlusi rahapesu ja terrorismi rahastamise osas.<\/p>\n<p><strong style=\"font-size: inherit; font-family: -apple-system, system-ui, BlinkMacSystemFont, 'Segoe UI', Helvetica, Arial, sans-serif, 'Apple Color Emoji', 'Segoe UI Emoji', 'Segoe UI Symbol';\">9. V\u00c4LISMAKSUD JA TOLLIMAKSUD<\/strong><\/p>\n<p>9.1 Meie l\u00e4htume peamiselt Eesti Vabariigi seadustest ning pakume nende alusel n\u00f5ustamisteenuseid.<\/p>\n<p>9.2 Klient vastutab \u00fcksi k\u00f5ikide maksude ja tasude tasumise eest, mis on kohustuslikud Kliendi elukohariigis ja\/v\u00f5i maksuresidentsis.<\/p>\n<p><strong>10. LINGID TEISTELE VAHENDIDELE<\/strong><\/p>\n<p>10.1 Maxwise O\u00dc v\u00f5ib oma \u00e4ran\u00e4gemise j\u00e4rgi pakkuda klientidele linkide kaudu juurdep\u00e4\u00e4su teistele veebisaitidele v\u00f5i ressurssidele. Need veebisaidid v\u00f5i ressursid kuuluvad kolmandatele osapooltele, keda Maxwise O\u00dc ei kontrolli. Seet\u00f5ttu ei vastuta Maxwise O\u00dc selliste kolmandate osapoolte veebisaitide privaatsuspoliitika, andmete kogumise meetodite, sisu, teabe t\u00e4psuse ja\/v\u00f5i pakutavate v\u00f5i reklaamitavate teenuste kvaliteedi eest.<\/p>\n<p><strong>11. V\u00c4\u00c4RAMAMAT J\u00d5UD<\/strong><\/p>\n<p>11.1 Maxwise O\u00dc ei vastuta kliendi ees tellitud teenuste osutamisest keeldumise eest, kui selline keeldumine on p\u00f5hjustatud s\u00fcndmustest v\u00f5i asjaoludest, mis ei ole meie m\u00f5istliku kontrolli all.<\/p>\n<p>11.2 \u00dckski pool ei vastuta teise poole ees oma kohustuste t\u00e4itmata j\u00e4tmise eest, kui selline t\u00e4itmata j\u00e4tmine on p\u00f5hjustatud poolte kontrolli alt v\u00e4ljas olevatest asjaoludest, mida ei oleks olnud v\u00f5imalik ette n\u00e4ha ega v\u00e4ltida, sealhulgas kuulutatud v\u00f5i tegelikust s\u00f5jast, rahutustest, epideemiatest, maav\u00e4rinatest, \u00fcleujutustest, tulekahjudest ja muudest loodus\u00f5nnetustest, riiklike v\u00f5i kohalike asutuste tegevusest ning muudest v\u00e4\u00e4ramatu j\u00f5u asjaoludest.<\/p>\n<p>11.3 V\u00e4\u00e4ramatu j\u00f5u t\u00f5ttu oma kohustusi t\u00e4itmata j\u00e4tnud pool peab teavitama teist poolt viivitamata, kuid mitte hiljem kui 5 (viie) t\u00f6\u00f6p\u00e4eva jooksul selliste asjaolude tekkimisest, takistusest ja selle m\u00f5just kohustuste t\u00e4itmisele.<\/p>\n<p>11.4 Pool, kes ei ole teist poolt teavitanud kohustuste t\u00e4itmise v\u00f5imatusest k\u00e4esoleva lepingu alusel, ei oma \u00f5igust viidata sellisele v\u00f5imatusele.<\/p>\n<p><strong>12. MUUD S\u00c4TTED<\/strong><\/p>\n<p>12.1 K\u00e4esoleva lepingu \u00fche s\u00e4tte kehtetusest tulenevalt ei m\u00f5juta \u00fclej\u00e4\u00e4nud lepingu s\u00e4tete kehtivust, seaduslikkust ega v\u00f5imalust neid t\u00e4ita. Kui m\u00f5ni s\u00e4tetest osutub kehtetuks, teevad pooled k\u00f5ik m\u00f5istlikud j\u00f5upingutused selle asendamiseks uue \u00f5igusliku s\u00e4ttega, mille sisu on v\u00f5imalikult l\u00e4hedane algsele s\u00e4ttele.<\/p>\n","protected":false},"excerpt":{"rendered":"<p>Teave meie veebisaidi kohta Veebisait maxwise.eu (edaspidi &#8220;Veebisait&#8221;) on Maxwise O\u00dc ametlik veebisait, mis on asutatud ja tegutseb vastavalt Eesti Vabariigi seadustele, registrikood 10021807, aadress J\u00f5e 4c, 10151 Tallinn, Eesti. Teie Veebisaidi kasutamine allub nendele Tingimustele ja Konditsioonidele meie veebisaidi jaoks. Kui j\u00e4tkate Veebisaidi k\u00fclastamist, n\u00f5ustute selgelt nende tingimustega. Teenused 1. \u00dcldised terminid 1.1. Kirjeldus &#8230; <a title=\"Kasutustingimused\" class=\"read-more\" href=\"https:\/\/maxwise.eu\/et\/terms-conditions\/\" aria-label=\"More on Kasutustingimused\">Read more<\/a><\/p>\n","protected":false},"author":1,"featured_media":0,"parent":0,"menu_order":0,"comment_status":"closed","ping_status":"closed","template":"","meta":{"_acf_changed":false,"inline_featured_image":false,"footnotes":""},"class_list":["post-1041","page","type-page","status-publish"],"acf":[],"yoast_head":"<!-- This site is optimized with the Yoast SEO plugin v27.4 - https:\/\/yoast.com\/product\/yoast-seo-wordpress\/ -->\n<title>Kasutustingimused | MAXWISE<\/title>\n<meta name=\"robots\" content=\"index, follow, max-snippet:-1, max-image-preview:large, max-video-preview:-1\" \/>\n<link rel=\"canonical\" href=\"https:\/\/maxwise.eu\/et\/terms-conditions\/\" \/>\n<meta property=\"og:locale\" content=\"et_EE\" \/>\n<meta property=\"og:type\" content=\"article\" \/>\n<meta property=\"og:title\" content=\"Kasutustingimused | MAXWISE\" \/>\n<meta property=\"og:description\" content=\"Teave meie veebisaidi kohta Veebisait maxwise.eu (edaspidi &#8220;Veebisait&#8221;) on Maxwise O\u00dc ametlik veebisait, mis on asutatud ja tegutseb vastavalt Eesti Vabariigi seadustele, registrikood 10021807, aadress J\u00f5e 4c, 10151 Tallinn, Eesti. Teie Veebisaidi kasutamine allub nendele Tingimustele ja Konditsioonidele meie veebisaidi jaoks. Kui j\u00e4tkate Veebisaidi k\u00fclastamist, n\u00f5ustute selgelt nende tingimustega. Teenused 1. \u00dcldised terminid 1.1. Kirjeldus ... Read more\" \/>\n<meta property=\"og:url\" content=\"https:\/\/maxwise.eu\/et\/terms-conditions\/\" \/>\n<meta property=\"og:site_name\" content=\"MAXWISE\" \/>\n<meta property=\"article:publisher\" content=\"https:\/\/www.facebook.com\/maxwise.eu\" \/>\n<meta property=\"article:modified_time\" content=\"2023-06-20T08:51:19+00:00\" \/>\n<meta property=\"og:image\" content=\"https:\/\/maxwise.eu\/wp-content\/uploads\/2024\/07\/maxwise-pic.png\" \/>\n\t<meta property=\"og:image:width\" content=\"2129\" \/>\n\t<meta property=\"og:image:height\" content=\"1356\" \/>\n\t<meta property=\"og:image:type\" content=\"image\/png\" \/>\n<meta name=\"twitter:card\" content=\"summary_large_image\" \/>\n<meta name=\"twitter:label1\" content=\"Est. reading time\" \/>\n\t<meta name=\"twitter:data1\" content=\"10 minutit\" \/>\n<script type=\"application\/ld+json\" class=\"yoast-schema-graph\">{\"@context\":\"https:\\\/\\\/schema.org\",\"@graph\":[{\"@type\":\"WebPage\",\"@id\":\"https:\\\/\\\/maxwise.eu\\\/et\\\/terms-conditions\\\/\",\"url\":\"https:\\\/\\\/maxwise.eu\\\/et\\\/terms-conditions\\\/\",\"name\":\"Kasutustingimused | MAXWISE\",\"isPartOf\":{\"@id\":\"https:\\\/\\\/maxwise.eu\\\/et\\\/#website\"},\"datePublished\":\"2023-02-13T07:00:04+00:00\",\"dateModified\":\"2023-06-20T08:51:19+00:00\",\"breadcrumb\":{\"@id\":\"https:\\\/\\\/maxwise.eu\\\/et\\\/terms-conditions\\\/#breadcrumb\"},\"inLanguage\":\"et\",\"potentialAction\":[{\"@type\":\"ReadAction\",\"target\":[\"https:\\\/\\\/maxwise.eu\\\/et\\\/terms-conditions\\\/\"]}]},{\"@type\":\"BreadcrumbList\",\"@id\":\"https:\\\/\\\/maxwise.eu\\\/et\\\/terms-conditions\\\/#breadcrumb\",\"itemListElement\":[{\"@type\":\"ListItem\",\"position\":1,\"name\":\"Kodu\",\"item\":\"https:\\\/\\\/maxwise.eu\\\/et\\\/\"},{\"@type\":\"ListItem\",\"position\":2,\"name\":\"Kasutustingimused\"}]},{\"@type\":\"WebSite\",\"@id\":\"https:\\\/\\\/maxwise.eu\\\/et\\\/#website\",\"url\":\"https:\\\/\\\/maxwise.eu\\\/et\\\/\",\"name\":\"MAXWISE\",\"description\":\"Estonian company registration and support with ease\",\"publisher\":{\"@id\":\"https:\\\/\\\/maxwise.eu\\\/et\\\/#organization\"},\"potentialAction\":[{\"@type\":\"SearchAction\",\"target\":{\"@type\":\"EntryPoint\",\"urlTemplate\":\"https:\\\/\\\/maxwise.eu\\\/et\\\/?s={search_term_string}\"},\"query-input\":{\"@type\":\"PropertyValueSpecification\",\"valueRequired\":true,\"valueName\":\"search_term_string\"}}],\"inLanguage\":\"et\"},{\"@type\":\"Organization\",\"@id\":\"https:\\\/\\\/maxwise.eu\\\/et\\\/#organization\",\"name\":\"MAXWISE\",\"url\":\"https:\\\/\\\/maxwise.eu\\\/et\\\/\",\"logo\":{\"@type\":\"ImageObject\",\"inLanguage\":\"et\",\"@id\":\"https:\\\/\\\/maxwise.eu\\\/et\\\/#\\\/schema\\\/logo\\\/image\\\/\",\"url\":\"https:\\\/\\\/maxwise.eu\\\/wp-content\\\/uploads\\\/2026\\\/01\\\/cropped-maxwise_logo_rgb_new.png\",\"contentUrl\":\"https:\\\/\\\/maxwise.eu\\\/wp-content\\\/uploads\\\/2026\\\/01\\\/cropped-maxwise_logo_rgb_new.png\",\"width\":937,\"height\":240,\"caption\":\"MAXWISE\"},\"image\":{\"@id\":\"https:\\\/\\\/maxwise.eu\\\/et\\\/#\\\/schema\\\/logo\\\/image\\\/\"},\"sameAs\":[\"https:\\\/\\\/www.facebook.com\\\/maxwise.eu\"]}]}<\/script>\n<!-- \/ Yoast SEO plugin. -->","yoast_head_json":{"title":"Kasutustingimused | MAXWISE","robots":{"index":"index","follow":"follow","max-snippet":"max-snippet:-1","max-image-preview":"max-image-preview:large","max-video-preview":"max-video-preview:-1"},"canonical":"https:\/\/maxwise.eu\/et\/terms-conditions\/","og_locale":"et_EE","og_type":"article","og_title":"Kasutustingimused | MAXWISE","og_description":"Teave meie veebisaidi kohta Veebisait maxwise.eu (edaspidi &#8220;Veebisait&#8221;) on Maxwise O\u00dc ametlik veebisait, mis on asutatud ja tegutseb vastavalt Eesti Vabariigi seadustele, registrikood 10021807, aadress J\u00f5e 4c, 10151 Tallinn, Eesti. Teie Veebisaidi kasutamine allub nendele Tingimustele ja Konditsioonidele meie veebisaidi jaoks. Kui j\u00e4tkate Veebisaidi k\u00fclastamist, n\u00f5ustute selgelt nende tingimustega. Teenused 1. \u00dcldised terminid 1.1. Kirjeldus ... Read more","og_url":"https:\/\/maxwise.eu\/et\/terms-conditions\/","og_site_name":"MAXWISE","article_publisher":"https:\/\/www.facebook.com\/maxwise.eu","article_modified_time":"2023-06-20T08:51:19+00:00","og_image":[{"width":2129,"height":1356,"url":"https:\/\/maxwise.eu\/wp-content\/uploads\/2024\/07\/maxwise-pic.png","type":"image\/png"}],"twitter_card":"summary_large_image","twitter_misc":{"Est. reading time":"10 minutit"},"schema":{"@context":"https:\/\/schema.org","@graph":[{"@type":"WebPage","@id":"https:\/\/maxwise.eu\/et\/terms-conditions\/","url":"https:\/\/maxwise.eu\/et\/terms-conditions\/","name":"Kasutustingimused | MAXWISE","isPartOf":{"@id":"https:\/\/maxwise.eu\/et\/#website"},"datePublished":"2023-02-13T07:00:04+00:00","dateModified":"2023-06-20T08:51:19+00:00","breadcrumb":{"@id":"https:\/\/maxwise.eu\/et\/terms-conditions\/#breadcrumb"},"inLanguage":"et","potentialAction":[{"@type":"ReadAction","target":["https:\/\/maxwise.eu\/et\/terms-conditions\/"]}]},{"@type":"BreadcrumbList","@id":"https:\/\/maxwise.eu\/et\/terms-conditions\/#breadcrumb","itemListElement":[{"@type":"ListItem","position":1,"name":"Kodu","item":"https:\/\/maxwise.eu\/et\/"},{"@type":"ListItem","position":2,"name":"Kasutustingimused"}]},{"@type":"WebSite","@id":"https:\/\/maxwise.eu\/et\/#website","url":"https:\/\/maxwise.eu\/et\/","name":"MAXWISE","description":"Estonian company registration and support with ease","publisher":{"@id":"https:\/\/maxwise.eu\/et\/#organization"},"potentialAction":[{"@type":"SearchAction","target":{"@type":"EntryPoint","urlTemplate":"https:\/\/maxwise.eu\/et\/?s={search_term_string}"},"query-input":{"@type":"PropertyValueSpecification","valueRequired":true,"valueName":"search_term_string"}}],"inLanguage":"et"},{"@type":"Organization","@id":"https:\/\/maxwise.eu\/et\/#organization","name":"MAXWISE","url":"https:\/\/maxwise.eu\/et\/","logo":{"@type":"ImageObject","inLanguage":"et","@id":"https:\/\/maxwise.eu\/et\/#\/schema\/logo\/image\/","url":"https:\/\/maxwise.eu\/wp-content\/uploads\/2026\/01\/cropped-maxwise_logo_rgb_new.png","contentUrl":"https:\/\/maxwise.eu\/wp-content\/uploads\/2026\/01\/cropped-maxwise_logo_rgb_new.png","width":937,"height":240,"caption":"MAXWISE"},"image":{"@id":"https:\/\/maxwise.eu\/et\/#\/schema\/logo\/image\/"},"sameAs":["https:\/\/www.facebook.com\/maxwise.eu"]}]}},"_links":{"self":[{"href":"https:\/\/maxwise.eu\/et\/wp-json\/wp\/v2\/pages\/1041","targetHints":{"allow":["GET"]}}],"collection":[{"href":"https:\/\/maxwise.eu\/et\/wp-json\/wp\/v2\/pages"}],"about":[{"href":"https:\/\/maxwise.eu\/et\/wp-json\/wp\/v2\/types\/page"}],"author":[{"embeddable":true,"href":"https:\/\/maxwise.eu\/et\/wp-json\/wp\/v2\/users\/1"}],"replies":[{"embeddable":true,"href":"https:\/\/maxwise.eu\/et\/wp-json\/wp\/v2\/comments?post=1041"}],"version-history":[{"count":2,"href":"https:\/\/maxwise.eu\/et\/wp-json\/wp\/v2\/pages\/1041\/revisions"}],"predecessor-version":[{"id":1043,"href":"https:\/\/maxwise.eu\/et\/wp-json\/wp\/v2\/pages\/1041\/revisions\/1043"}],"wp:attachment":[{"href":"https:\/\/maxwise.eu\/et\/wp-json\/wp\/v2\/media?parent=1041"}],"curies":[{"name":"wp","href":"https:\/\/api.w.org\/{rel}","templated":true}]}}