{"id":1026,"date":"2023-02-10T17:43:52","date_gmt":"2023-02-10T14:43:52","guid":{"rendered":"https:\/\/maxwise.eu\/privacy-policy\/"},"modified":"2024-05-13T10:00:12","modified_gmt":"2024-05-13T07:00:12","slug":"privacy-policy","status":"publish","type":"page","link":"https:\/\/maxwise.eu\/et\/privacy-policy\/","title":{"rendered":"Privaatsuspoliitika ja isikuandmete t\u00f6\u00f6tlemise p\u00f5him\u00f5tted"},"content":{"rendered":"<p>K\u00e4esolev privaatsuspoliitika ja kliendi isikuandmete t\u00f6\u00f6tlemise p\u00f5him\u00f5tted (edaspidi \u201cprivaatsuspoliitika\u201d) kirjeldavad, kuidas Maxwise O\u00dc (edaspidi \u201cMaxwise\u201d) kogub, t\u00f6\u00f6tleb ja kasutab teie andmeid, kui te kasutate meie veebisaidi maxwise.eu (edaspidi \u201cveebisait\u201d) teenuseid ja\/v\u00f5i muid teenuseid, mida me teile pakume.<\/p>\n<p>Teie andmete t\u00f6\u00f6tlemise \u00fcksikasju v\u00f5ivad kirjeldada ka kliendilepingud, veebisaidi kasutamise s\u00e4tted ja tingimused ning muud teenustega seotud dokumendid.<\/p>\n<p>K\u00e4esolev privaatsuspoliitika moodustab \u00fche osa veebisaidi kasutamise s\u00e4tetest ja tingimustest, mis reguleerivad meie veebisaidi kui terviku kasutamist, mist\u00f5ttu tuleb lugeda k\u00e4esolev privaatsuspoliitika ja meie veebisaidi kasutamise s\u00e4tted ja tingimused l\u00e4bi nii, nagu need oleks \u00fcks dokument.<\/p>\n<p>Kui te kasutate meie veebisaiti v\u00f5i meie teenuseid ja\/v\u00f5i kui te suhtlete kasutaja v\u00f5i kliendina (edaspidi \u201ckasutaja\u201d, \u201cklient\u201d v\u00f5i \u201cteie\u201d) meie veebisaidi v\u00f5i meiega, siis t\u00e4hendab see, et te n\u00f5ustute k\u00e4esoleva privaatsuspoliitika tingimustega ning kinnitate, et te olete lugenud l\u00e4bi ja teinud endale selgeks k\u00f5ik k\u00e4esoleva privaatsuspoliitika s\u00e4tted.<\/p>\n<p>Me t\u00f6\u00f6tleme isikuandmeid koosk\u00f5las k\u00e4esoleva privaatsuspoliitika ja kohaldatavate seadustega, kaasa arvatud isikuandmete kaitse \u00fcldm\u00e4\u00e4ruse (ingl k General Data Protection Regulation ehk GDPR, (EL) 2016\/679) ja Eestis kehtivate siseriiklike isikuandmete kaitset k\u00e4sitlevate \u00f5igusaktidega (edaspidi k\u00f5ik \u00fcheskoos \u201cisikuandmete kaitse seadused\u201d).<\/p>\n<p>\u201cIsikuandmed\u201d t\u00e4hendavad k\u00e4esolevas privaatsuspoliitikas igasugust teavet, mis tuvastab v\u00f5i v\u00f5imaldab tuvastada teid \u00fchena eespool nimetatud isikutest muu hulgas j\u00e4rgmistel eesm\u00e4rkidel:<\/p>\n<ul>\n<li><u>Lepingulisel eesm\u00e4rgil<\/u>\u2013 Maxwise peab kliendi isikuandmeid t\u00f6\u00f6tlema kliendiga teenuselepingu s\u00f5lmimiseks ja kliendile teenuste osutamiseks.<\/li>\n<li><u>\u00d5igusn\u00f5uete t\u00e4itmiseks<\/u>\u2013 Maxwise peab kliendi isikuandmeid t\u00f6\u00f6tlema kohaldatavatest seadustest tulenevate kohustuste t\u00e4itmiseks (see t\u00e4hendab vastavuse tagamiseks rahapesu t\u00f5kestamise ja pettusevastase v\u00f5itluse n\u00f5uetele, rahvusvaheliste finantssanktsioonide j\u00f5ustamiseks ning selliste riigiasutuste ja -ametite p\u00e4ringutele vastamiseks ja nende korralduste t\u00e4itmiseks, kellega Maxwise on kohustatud koost\u00f6\u00f6d tegema).<\/li>\n<li><u>Anal\u00fc\u00fctilistel eesm\u00e4rkidel<\/u>\u2013 Maxwise peab kliendi isikuandmeid t\u00f6\u00f6tlema oma teenuste ja veebisaidi haldamiseks, anal\u00fc\u00fcsimiseks ja t\u00e4iustamiseks.<\/li>\n<li><u>Isikustamise eesm\u00e4rgil<\/u>t\u00e4itmaks Maxwise\u2019i k\u00e4esolevast privaatsuspoliitikast tulenevaid kohustusi.<\/li>\n<li><u>Kommunikatsiooni eesm\u00e4rgil<\/u>teiega kontakteerumiseks.<\/li>\n<li><u>Arvepidamiseesm\u00e4rgil<\/u>finantsarvestuseks, raamatupidamiseks ja arveldamiseks.<\/li>\n<li>Dokumendiringluse tagamiseks.<\/li>\n<li>Kandidaatide otsimiseks vabadele t\u00f6\u00f6kohtadele.<\/li>\n<li>Muude \u00f5iguslike, regulatiivsete ja juriidiliste n\u00f5uete t\u00e4itmiseks.<\/li>\n<\/ul>\n<p>&nbsp;<\/p>\n<p><strong>Me kogume isikuandmeid j\u00e4rgmiste vahendite ja v\u00f5tetega:<\/strong><\/p>\n<ul>\n<li><span style=\"text-decoration: underline;\">K\u00fcpsised<\/span><\/li>\n<\/ul>\n<p>Me kasutame k\u00fcpsiseid info kogumiseks selle kohta, kuidas te meie veebisaiti kasutate. K\u00fcpsised v\u00f5imaldavad meil pakkuda teile kasutajas\u00f5bralikumat ja paremini ligip\u00e4\u00e4setavat vormingut veebisaidi kasutamiseks. K\u00fcpsised ei sisalda tavaliselt andmeid, mis v\u00f5imaldaks teid tuvastada konkreetse f\u00fc\u00fcsilise isikuna.<\/p>\n<ul>\n<li><u>Google Analytics ja Jivo \u00e4pp<\/u><\/li>\n<\/ul>\n<p>Maxwise kasutab kolmandast isikust teenusepakkujate nagu Google&#8217;i ja Jivo \u00e4pi teenuseid, mis kasutavad nende oma k\u00fcpsiseid koos kolmanda isiku k\u00fcpsiste v\u00f5i identifikaatoritega andmete kogumiseks selle kohta, kuidas klient suhtleb reklaamide ja teenuse muude osadega meie veebisaidil.<\/p>\n<p>Klient saab Google Ads&#8217;i seadistuste lehel valida, kuidas Google ja\/v\u00f5i \u00e4pid talle reklaame kuvavad. Klient saab soovi korral reklaamidest ka t\u00e4ielikult keelduda, k\u00fclastades selleks Network Advertising Initiative&#8217;i keeldumislehte v\u00f5i v\u00f5ttes brauseris kasutusele Google Analyticsi keelupistiku.<\/p>\n<p>Maxwise kasutab Google Analyticsit juurdep\u00e4\u00e4su, liikluse ja kasutuse m\u00f5\u00f5tmiseks ja hindamiseks oma veebisaidi avalikes osades ning aruannete koostamiseks meie veebisaidi administraatoritele selle kohta, kuidas kasutaja meie veebisaidil navigeerib.<\/p>\n<p>Maxwise rakendab asjakohaseid meetmeid Google&#8217;i ja\/v\u00f5i \u00e4ppidega kogutud tehnilise info kaitsmiseks. Kogutud andmeid kasutatakse ainult vastavalt vajadusele tehniliste probleemide lahendamiseks, veebisaidi halduseks ja k\u00fclastajate eelistuste kindlaks tegemiseks.<\/p>\n<ul>\n<li><u>Tehniline info<\/u><\/li>\n<\/ul>\n<p>Kui te k\u00fclastate meie veebisaiti, siis me v\u00f5ime koguda tehnilist infot, mis iseenesest ei tuvasta teid nime j\u00e4rgi. Selline info v\u00f5ib siiski sisaldada n\u00e4iteks teie IP-aadressi ning andmeid selle kohta, milliseid lehek\u00fclgi te meie veebisaidil k\u00fclastate, milliseid muid lehek\u00fclgi te internetis k\u00fclastate ja millist brauserit te kasutate meie veebisaidi vaatamiseks. Me kasutame neid tehnilisi andmeid oma veebisaidi talitluse hindamiseks ja parandamiseks, aitamaks teostada meie serveriga seotud rikkeotsingut, meie veebisaidi halduseks, et n\u00e4ha, kust tuleb liiklus meie veebisaidile ja et tuvastada meie kasutajaid. Me v\u00f5ime oma veebisaidi ja sidusrakenduste kaudu koguda ka muud isikustamata infot, nagu andmeid tegevuse kohta veebisaidil ja kasutuseelistusi, mis on tuntud ka kui demograafilised v\u00f5i profiiliandmed. Me ei seo praegu selles l\u00f5igus kirjeldatud andmeid teie isikuandmetega, ent me j\u00e4tame endale \u00f5iguse hakata seda tulevikus tegema.<\/p>\n<ul>\n<li><u>Kutsealased teenused<\/u><\/li>\n<\/ul>\n<p>Me kogume meie klientide poolt v\u00f5i nimel esitatud infot v\u00f5i infot, mille me hangime ise oma kutsealaste teenuste pakkumise k\u00e4igus. Isikuandmete selliselt kogumine on vajalik, et me saaksime t\u00e4ita oma kohustusi klientide ees, ja ka meie kui \u00f5igusb\u00fcroo \u00f5igustatud huvides, et me saaksime pakkuda oma klientidele ja potentsiaalsetele klientidele \u00f5igusabi. Me rakendame oma kutsealaste kohustuste t\u00e4itmisel k\u00f5iki asjakohaseid meetmeid nii oma endiste, praeguste kui potentsiaalsete klientide isikuandmete konfidentsiaalsuse ja tervikluse tagamiseks.<\/p>\n<p>Me v\u00f5ime kutsealaseid teenuseid osutades t\u00e4iendada teie poolt esitatud isikuandmeid teie kohta muudest allikatest saadud isikuandmetega.<\/p>\n<p><strong><u>Isikuandmete edastamine kolmandatele isikutele:<\/u><\/strong><\/p>\n<p>Me rakendame sarnaselt teiste kutsealaste teenuste pakkujatega teistes riikides asuvaid kolmandaid isikuid oma \u00fclesannete efektiivseks t\u00e4itmiseks. Seet\u00f5ttu v\u00f5idakse isikuandmeid edastada meie ja meie klientide asukohariigist v\u00e4ljapoole.<\/p>\n<p>Isikuandmeid v\u00f5idakse edastada ka sellistesse Euroopa Majanduspiirkonda mittekuuluvatesse riikidesse, kus ei ole seadusega kehtestatud kindlat ja t\u00f5husat korda isikuandmete kaitsmiseks.<\/p>\n<p>Me rakendame asjakohaseid meetmeid tagamaks, et k\u00f5ik isikuandmed on piisavalt kaitstud ja et isikuandmete edastamine v\u00e4ljaspool Euroopa Majanduspiirkonda on \u00f5igusp\u00e4rane. Kui me edastame isikuandmeid sellisesse Euroopa Majanduspiirkonna v\u00e4lisesse riiki, kus ei ole Euroopa Komisjoni hinnangul tagatud piisav isikuandmete kaitse tase, siis toimub andmete edastamine sellise lepingu alusel, mis sisaldab Euroopa Liidu n\u00f5udeid isikuandmete edastamiseks v\u00e4ljaspool Euroopa Majanduspiirkonda, nagu n\u00e4iteks Euroopa Komisjoni poolt heaks kiidetud lepingu t\u00fc\u00fcptingimusi.<\/p>\n<p><strong>Me v\u00f5ime edastada meie k\u00e4sutuses olevaid isikuandmeid j\u00e4rgmistele isikutele:<\/strong><\/p>\n<ul>\n<li><u>Partnerfirmad, vahendajad ja\/v\u00f5i t\u00f6\u00f6v\u00f5tjad<\/u><\/li>\n<\/ul>\n<p>Me v\u00f5ime edastada isikuandmeid teistele \u00e4ri\u00fchingutele, kui see on vajalik administratiivsetel eesm\u00e4rkidel v\u00f5i kutsealaste teenuste osutamiseks meie klientidele (n\u00e4iteks konsultatsiooniteenuste osutamiseks erinevatel territooriumidel asuvate \u00e4ri\u00fchingute poolt).<\/p>\n<ul>\n<li>Kolmandad isikud, kes varustavad meid rakenduste ja\/v\u00f5i funktsionaalsusega v\u00f5i osutavad meile andmet\u00f6\u00f6tluse v\u00f5i IT-teenuseid<\/li>\n<li>Programmide ja rakenduste (nagu raamatupidamisprogrammide, t\u00f5lkerakenduste jms) kaudu kutsealaste teenuste pakkujad<\/li>\n<\/ul>\n<p>Me rakendame kolmandaid isikuid teenuste t\u00f5husamaks pakkumiseks ning oma firmasiseste IT-s\u00fcsteemide ja serverite k\u00e4ideldavuse, talitluse ja halduse tagamiseks. Selliste isikute hulka kuuluvad muu hulgas IT-teenuste pakkujad, pilvetarkvara teenusena pakkujad, identiteedihalduse teenuse pakkujad, veebisaidi haldus- ja majutusteenuse pakkujad, andmete anal\u00fc\u00fcsiteenuse pakkujad ning andmete varundus-, turbe- ja talletusteenuste pakkujad. Seda pilvetaristut teenindavad ja toetavad serverid asuvad turvalistes andmekeskustes \u00fcle kogu maailma ja isikuandmeid v\u00f5idakse s\u00e4ilitada \u00fcksk\u00f5ik millises neist.<\/p>\n<ul>\n<li>Kolmandad isikud, kes abistavad meid muudmoodi kaupade, teenuste v\u00f5i info pakkumisel<\/li>\n<li>Audiitorid, juristid, t\u00f5lgid\/t\u00f5lkijad ja muud kutsealaseid teenuseid pakkuvad konsultandid<\/li>\n<li>\u00d5iguskaitseorganid ning muud reguleerivad ja valitsusasutused ja muud kolmandad isikud vastavalt kohaldatavatele seadustele ja m\u00e4\u00e4rustele<\/li>\n<\/ul>\n<p>Me v\u00f5ime saada p\u00e4ringuid sellistelt kolmandatelt isikutelt, kellel on \u00f5igus n\u00f5uda isikuandmete avaldamist n\u00e4iteks selleks, et kontrollida, kas me t\u00e4idame kohaldatavate seaduste ja m\u00e4\u00e4ruste n\u00f5udeid, v\u00f5i et uurida v\u00e4idetavaid kuritegusid v\u00f5i seaduslike \u00f5iguste kaitseks \u00f5igusn\u00f5uete koostamise, esitamise v\u00f5i kaitsmise eesm\u00e4rgil. Me avaldame vastava taotluse saamisel isikuandmeid ainult juhul, kui nende avaldamine on kohaldatava seaduse v\u00f5i m\u00e4\u00e4rusega ette n\u00e4htud.<\/p>\n<p><strong><u>K\u00e4esoleva privaatsuspoliitika muutmine<\/u><\/strong><\/p>\n<p>Me v\u00f5ime k\u00e4esolevat privaatsuspoliitikat omal \u00e4ran\u00e4gemisel muuta. Kui me muudame k\u00e4esolevat privaatsuspoliitikat, siis avaldame selle ajakohastatud versiooni oma veebisaidil. Soovitame teil seet\u00f5ttu aeg-ajalt kontrollida, ega me ei ole k\u00e4esolevat privaatsuspoliitikat muutnud.<\/p>\n<p><strong><u>Isikuandmete vastutav t\u00f6\u00f6tleja ja kontaktandmed<\/u><\/strong><\/p>\n<p>Vastutavaks t\u00f6\u00f6tlejaks on olukorrast s\u00f5ltuvalt lepinguliste teenuste pakkuja v\u00f5i saaja v\u00f5i isik, kellega te olete \u00fchendust v\u00f5tnud.<\/p>\n<p>Kui teil on k\u00fcsimusi k\u00e4esoleva privaatsuspoliitika kohta v\u00f5i kui te soovite t\u00e4psemalt teada, kuidas ja milleks me isikuandmeid t\u00f6\u00f6tleme, siis v\u00f5tke meiega \u00fchendust meili v\u00f5i posti teel. Meie kontaktandmed on j\u00e4rgmised:\u00a0<a href=\"mailto:info@maxwise.eu\">info@maxwise.eu<\/a>, J\u00f5e 4c, 10151 Tallinn, Eesti.<\/p>\n<p><strong><u>Kliendi \u00f5igused seoses isikuandmete kogumisega<\/u><\/strong><\/p>\n<ul>\n<li><u>\u00d5igus saada infot<\/u>: Maxwise edastab kliendile ise kogu teda puudutava info, mida kliendil on \u00f5igus saada k\u00e4esoleva privaatsuspoliitika kohaselt. K\u00e4esoleva privaatsuspoliitika kehtiv versioon on alati leitav meie veebisaidilt.<\/li>\n<li><u>\u00d5igus tutvuda oma isikuandmetega<\/u>: Teil on kliendina \u00f5igus n\u00e4ha infot oma isikuandmete kohta ja\/v\u00f5i nende andmete loetelu, mida me vastutava t\u00f6\u00f6tlejana teie kohta omame.<\/li>\n<li><u>\u00d5igus isikuandmete muutmisele<\/u>: Kui teie poolt meile esitatud isikuandmed vajavad ajakohastamist, siis saatke meile selle kohta meil aadressile <a href=\"mailto:info@maxwise.eu\">info@maxwise.eu<\/a> v\u00f5i kui see on asjakohane, siis v\u00f5tke meiega \u00fchendust vastava registreerimis- v\u00f5i kontaktiv\u00f5tulehe kaudu meie veebisaidil v\u00f5i muutke oma isikuandmeid vastavates rakendustes, mille kaudu te olete ennast registreerinud.<\/li>\n<\/ul>\n<p>Kui see on asjakohane ja v\u00f5imalik, siis me parandame teie poolt esitatud ajakohase info p\u00f5hjal v\u00f5imalikult kiiresti meie poolt t\u00f6\u00f6deldavad aegunud isikuandmed.<\/p>\n<ul>\n<li><u>N\u00f5usoleku tagasiv\u00f5tmine<\/u>: Kui me t\u00f6\u00f6tleme isikuandmeid teie n\u00f5usoleku alusel, siis on teil igal ajal \u00f5igus oma n\u00f5usolek tagasi v\u00f5tta. Me ei t\u00f6\u00f6tle siiski reeglina isikuandmeid n\u00f5usoleku alusel, kuna meil on selleks tavaliselt muu \u00f5iguslik alus. Saatke meile j\u00e4rgmisele aadressile meil, kui te soovite v\u00f5tta tagasi oma isikuandmete t\u00f6\u00f6tlemiseks antud n\u00f5usoleku:\u00a0<a href=\"mailto:info@maxwise.eu\">info@maxwise.eu<\/a>.<\/li>\n<li><u>\u00d5igus isikuandmete t\u00f6\u00f6tlemise piiramisele v\u00f5i \u00f5igus esitada vastuv\u00e4iteid isikuandmete t\u00f6\u00f6tlemisele<\/u>: Teil v\u00f5ib olla oma konkreetsest olukorrast l\u00e4htudes \u00f5igus isikuandmete t\u00f6\u00f6tlemise piiramisele v\u00f5i \u00f5igus esitada vastuv\u00e4iteid isikuandmete t\u00f6\u00f6tlemisele, kui teie isikuandmete t\u00f6\u00f6tlemine ei ole seadusega n\u00f5utud.<\/li>\n<li style=\"list-style-type: none;\"><\/li>\n<\/ul>\n<p>Kui me ei suuda pakkuda veenvaid \u00f5iguslikke aluseid isikuandmete t\u00f6\u00f6tlemiseks ega argumente seoses \u00f5iguslike n\u00f5uete kehtestamise, teostamise v\u00f5i kaitsmisega, siis me enam ei t\u00f6\u00f6tle isikuandmeid v\u00f5i piirame isikuandmete t\u00f6\u00f6tlemist.<\/p>\n<ul>\n<li><u>Andmesubjekti muud \u00f5igused<\/u><\/li>\n<\/ul>\n<p>K\u00e4esolev privaatsuspoliitika sisaldab infot selle kohta, milliseid isikuandmeid me teilt kogume ja kuidas me neid kasutame. Teil v\u00f5ib lisaks eespool nimetatud \u00f5igustele (see t\u00e4hendab \u00f5igusele oma isikuandmetega tutvuda, \u00f5igusele n\u00f5uda nende muutmist ning \u00f5igusele piirata nende t\u00f6\u00f6tlemist v\u00f5i esitada vastuv\u00e4iteid nende t\u00f6\u00f6tlemisele) olla ka muid \u00f5igusi seoses isikuandmetega, mida me teie kohta omame, nagu \u00f5igus oma isikuandmete kustutamisele ja \u00f5igus andmete \u00fclekantavusele.<\/p>\n<ul>\n<li><u>Kaebused<\/u><\/li>\n<\/ul>\n<p>Loodetavasti pole seda kunagi vaja, ent kui peaks siiski tekkima olukord, milles te ei ole rahul sellega, kuidas me teie isikuandmeid t\u00f6\u00f6tleme, ja te soovite esitada selle kohta kaebuse, siis saatke meile vastav meil koos oma rahulolematuse p\u00f5hjuse kirjeldusega aadressile\u00a0<a href=\"mailto:info@maxwise.eu\">info@maxwise.eu<\/a>. Me vaatame \u00fcle k\u00f5ik meile saadetud kaebused ja vastame neile.<\/p>\n<p>Kui te usute, et me t\u00f6\u00f6tleme teie isikuandmeid sobimatult v\u00f5i et me rikume teie kui andmesubjekti \u00f5igusi, siis on teil \u00f5igus esitada selle kohta kaebus ka p\u00e4devale andmekaitseasutusele. V\u00f5tke kaebuse esitamiseks \u00fchendust asjakohase jurisdiktsiooni andmekaitseasutusega (see t\u00e4hendab teie kui andmesubjekti \u00f5iguste v\u00e4idetava rikkumise koha v\u00f5i teie andmete sobimatu t\u00f6\u00f6tlemise koha v\u00f5i teie elu- v\u00f5i t\u00f6\u00f6koha j\u00e4rgse p\u00e4deva asutusega).<\/p>\n<p>K\u00e4esolev poliitika kuulub j\u00e4rgmise andmekaitseasutuse p\u00e4devusvaldkonda: Eesti Andmekaitse Inspektsioon (vt\u00a0<a href=\"http:\/\/www.aki.ee\/en\">http:\/\/www.aki.ee\/en<\/a>).<\/p>\n<p><strong>Andmete t\u00f6\u00f6tlemise kokkulepe on k\u00e4esoleva privaatsuspoliitika lahutamatu osa.<\/strong><\/p>\n","protected":false},"excerpt":{"rendered":"<p>K\u00e4esolev privaatsuspoliitika ja kliendi isikuandmete t\u00f6\u00f6tlemise p\u00f5him\u00f5tted (edaspidi \u201cprivaatsuspoliitika\u201d) kirjeldavad, kuidas Maxwise O\u00dc (edaspidi \u201cMaxwise\u201d) kogub, t\u00f6\u00f6tleb ja kasutab teie andmeid, kui te kasutate meie veebisaidi maxwise.eu (edaspidi \u201cveebisait\u201d) teenuseid ja\/v\u00f5i muid teenuseid, mida me teile pakume. Teie andmete t\u00f6\u00f6tlemise \u00fcksikasju v\u00f5ivad kirjeldada ka kliendilepingud, veebisaidi kasutamise s\u00e4tted ja tingimused ning muud teenustega seotud dokumendid. &#8230; <a title=\"Privaatsuspoliitika ja isikuandmete t\u00f6\u00f6tlemise p\u00f5him\u00f5tted\" class=\"read-more\" href=\"https:\/\/maxwise.eu\/et\/privacy-policy\/\" aria-label=\"More on Privaatsuspoliitika ja isikuandmete t\u00f6\u00f6tlemise p\u00f5him\u00f5tted\">Read more<\/a><\/p>\n","protected":false},"author":1,"featured_media":0,"parent":0,"menu_order":0,"comment_status":"closed","ping_status":"open","template":"","meta":{"_acf_changed":false,"inline_featured_image":false,"footnotes":""},"class_list":["post-1026","page","type-page","status-publish"],"acf":[],"yoast_head":"<!-- This site is optimized with the Yoast SEO plugin v27.5 - https:\/\/yoast.com\/product\/yoast-seo-wordpress\/ -->\n<title>Privaatsuspoliitika ja isikuandmete t\u00f6\u00f6tlemise p\u00f5him\u00f5tted | MAXWISE<\/title>\n<meta name=\"robots\" content=\"index, follow, max-snippet:-1, max-image-preview:large, max-video-preview:-1\" \/>\n<link rel=\"canonical\" href=\"https:\/\/maxwise.eu\/et\/privacy-policy\/\" \/>\n<meta property=\"og:locale\" content=\"et_EE\" \/>\n<meta property=\"og:type\" content=\"article\" \/>\n<meta property=\"og:title\" content=\"Privaatsuspoliitika ja isikuandmete t\u00f6\u00f6tlemise p\u00f5him\u00f5tted | MAXWISE\" \/>\n<meta property=\"og:description\" content=\"K\u00e4esolev privaatsuspoliitika ja kliendi isikuandmete t\u00f6\u00f6tlemise p\u00f5him\u00f5tted (edaspidi \u201cprivaatsuspoliitika\u201d) kirjeldavad, kuidas Maxwise O\u00dc (edaspidi \u201cMaxwise\u201d) kogub, t\u00f6\u00f6tleb ja kasutab teie andmeid, kui te kasutate meie veebisaidi maxwise.eu (edaspidi \u201cveebisait\u201d) teenuseid ja\/v\u00f5i muid teenuseid, mida me teile pakume. Teie andmete t\u00f6\u00f6tlemise \u00fcksikasju v\u00f5ivad kirjeldada ka kliendilepingud, veebisaidi kasutamise s\u00e4tted ja tingimused ning muud teenustega seotud dokumendid. ... Read more\" \/>\n<meta property=\"og:url\" content=\"https:\/\/maxwise.eu\/et\/privacy-policy\/\" \/>\n<meta property=\"og:site_name\" content=\"MAXWISE\" \/>\n<meta property=\"article:publisher\" content=\"https:\/\/www.facebook.com\/maxwise.eu\" \/>\n<meta property=\"article:modified_time\" content=\"2024-05-13T07:00:12+00:00\" \/>\n<meta property=\"og:image\" content=\"https:\/\/maxwise.eu\/wp-content\/uploads\/2024\/07\/maxwise-pic.png\" \/>\n\t<meta property=\"og:image:width\" content=\"2129\" \/>\n\t<meta property=\"og:image:height\" content=\"1356\" \/>\n\t<meta property=\"og:image:type\" content=\"image\/png\" \/>\n<meta name=\"twitter:card\" content=\"summary_large_image\" \/>\n<meta name=\"twitter:label1\" content=\"Est. reading time\" \/>\n\t<meta name=\"twitter:data1\" content=\"9 minutit\" \/>\n<script type=\"application\/ld+json\" class=\"yoast-schema-graph\">{\"@context\":\"https:\\\/\\\/schema.org\",\"@graph\":[{\"@type\":\"WebPage\",\"@id\":\"https:\\\/\\\/maxwise.eu\\\/et\\\/privacy-policy\\\/\",\"url\":\"https:\\\/\\\/maxwise.eu\\\/et\\\/privacy-policy\\\/\",\"name\":\"Privaatsuspoliitika ja isikuandmete t\u00f6\u00f6tlemise p\u00f5him\u00f5tted | MAXWISE\",\"isPartOf\":{\"@id\":\"https:\\\/\\\/maxwise.eu\\\/et\\\/#website\"},\"datePublished\":\"2023-02-10T14:43:52+00:00\",\"dateModified\":\"2024-05-13T07:00:12+00:00\",\"breadcrumb\":{\"@id\":\"https:\\\/\\\/maxwise.eu\\\/et\\\/privacy-policy\\\/#breadcrumb\"},\"inLanguage\":\"et\",\"potentialAction\":[{\"@type\":\"ReadAction\",\"target\":[\"https:\\\/\\\/maxwise.eu\\\/et\\\/privacy-policy\\\/\"]}]},{\"@type\":\"BreadcrumbList\",\"@id\":\"https:\\\/\\\/maxwise.eu\\\/et\\\/privacy-policy\\\/#breadcrumb\",\"itemListElement\":[{\"@type\":\"ListItem\",\"position\":1,\"name\":\"Kodu\",\"item\":\"https:\\\/\\\/maxwise.eu\\\/et\\\/\"},{\"@type\":\"ListItem\",\"position\":2,\"name\":\"Privaatsuspoliitika ja isikuandmete t\u00f6\u00f6tlemise p\u00f5him\u00f5tted\"}]},{\"@type\":\"WebSite\",\"@id\":\"https:\\\/\\\/maxwise.eu\\\/et\\\/#website\",\"url\":\"https:\\\/\\\/maxwise.eu\\\/et\\\/\",\"name\":\"MAXWISE\",\"description\":\"Estonian Company formation and support with ease\",\"publisher\":{\"@id\":\"https:\\\/\\\/maxwise.eu\\\/et\\\/#organization\"},\"potentialAction\":[{\"@type\":\"SearchAction\",\"target\":{\"@type\":\"EntryPoint\",\"urlTemplate\":\"https:\\\/\\\/maxwise.eu\\\/et\\\/?s={search_term_string}\"},\"query-input\":{\"@type\":\"PropertyValueSpecification\",\"valueRequired\":true,\"valueName\":\"search_term_string\"}}],\"inLanguage\":\"et\"},{\"@type\":\"Organization\",\"@id\":\"https:\\\/\\\/maxwise.eu\\\/et\\\/#organization\",\"name\":\"MAXWISE\",\"url\":\"https:\\\/\\\/maxwise.eu\\\/et\\\/\",\"logo\":{\"@type\":\"ImageObject\",\"inLanguage\":\"et\",\"@id\":\"https:\\\/\\\/maxwise.eu\\\/et\\\/#\\\/schema\\\/logo\\\/image\\\/\",\"url\":\"https:\\\/\\\/maxwise.eu\\\/wp-content\\\/uploads\\\/2026\\\/01\\\/cropped-maxwise_logo_rgb_new.png\",\"contentUrl\":\"https:\\\/\\\/maxwise.eu\\\/wp-content\\\/uploads\\\/2026\\\/01\\\/cropped-maxwise_logo_rgb_new.png\",\"width\":937,\"height\":240,\"caption\":\"MAXWISE\"},\"image\":{\"@id\":\"https:\\\/\\\/maxwise.eu\\\/et\\\/#\\\/schema\\\/logo\\\/image\\\/\"},\"sameAs\":[\"https:\\\/\\\/www.facebook.com\\\/maxwise.eu\"]}]}<\/script>\n<!-- \/ Yoast SEO plugin. -->","yoast_head_json":{"title":"Privaatsuspoliitika ja isikuandmete t\u00f6\u00f6tlemise p\u00f5him\u00f5tted | MAXWISE","robots":{"index":"index","follow":"follow","max-snippet":"max-snippet:-1","max-image-preview":"max-image-preview:large","max-video-preview":"max-video-preview:-1"},"canonical":"https:\/\/maxwise.eu\/et\/privacy-policy\/","og_locale":"et_EE","og_type":"article","og_title":"Privaatsuspoliitika ja isikuandmete t\u00f6\u00f6tlemise p\u00f5him\u00f5tted | MAXWISE","og_description":"K\u00e4esolev privaatsuspoliitika ja kliendi isikuandmete t\u00f6\u00f6tlemise p\u00f5him\u00f5tted (edaspidi \u201cprivaatsuspoliitika\u201d) kirjeldavad, kuidas Maxwise O\u00dc (edaspidi \u201cMaxwise\u201d) kogub, t\u00f6\u00f6tleb ja kasutab teie andmeid, kui te kasutate meie veebisaidi maxwise.eu (edaspidi \u201cveebisait\u201d) teenuseid ja\/v\u00f5i muid teenuseid, mida me teile pakume. Teie andmete t\u00f6\u00f6tlemise \u00fcksikasju v\u00f5ivad kirjeldada ka kliendilepingud, veebisaidi kasutamise s\u00e4tted ja tingimused ning muud teenustega seotud dokumendid. ... Read more","og_url":"https:\/\/maxwise.eu\/et\/privacy-policy\/","og_site_name":"MAXWISE","article_publisher":"https:\/\/www.facebook.com\/maxwise.eu","article_modified_time":"2024-05-13T07:00:12+00:00","og_image":[{"width":2129,"height":1356,"url":"https:\/\/maxwise.eu\/wp-content\/uploads\/2024\/07\/maxwise-pic.png","type":"image\/png"}],"twitter_card":"summary_large_image","twitter_misc":{"Est. reading time":"9 minutit"},"schema":{"@context":"https:\/\/schema.org","@graph":[{"@type":"WebPage","@id":"https:\/\/maxwise.eu\/et\/privacy-policy\/","url":"https:\/\/maxwise.eu\/et\/privacy-policy\/","name":"Privaatsuspoliitika ja isikuandmete t\u00f6\u00f6tlemise p\u00f5him\u00f5tted | MAXWISE","isPartOf":{"@id":"https:\/\/maxwise.eu\/et\/#website"},"datePublished":"2023-02-10T14:43:52+00:00","dateModified":"2024-05-13T07:00:12+00:00","breadcrumb":{"@id":"https:\/\/maxwise.eu\/et\/privacy-policy\/#breadcrumb"},"inLanguage":"et","potentialAction":[{"@type":"ReadAction","target":["https:\/\/maxwise.eu\/et\/privacy-policy\/"]}]},{"@type":"BreadcrumbList","@id":"https:\/\/maxwise.eu\/et\/privacy-policy\/#breadcrumb","itemListElement":[{"@type":"ListItem","position":1,"name":"Kodu","item":"https:\/\/maxwise.eu\/et\/"},{"@type":"ListItem","position":2,"name":"Privaatsuspoliitika ja isikuandmete t\u00f6\u00f6tlemise p\u00f5him\u00f5tted"}]},{"@type":"WebSite","@id":"https:\/\/maxwise.eu\/et\/#website","url":"https:\/\/maxwise.eu\/et\/","name":"MAXWISE","description":"Estonian Company formation and support with ease","publisher":{"@id":"https:\/\/maxwise.eu\/et\/#organization"},"potentialAction":[{"@type":"SearchAction","target":{"@type":"EntryPoint","urlTemplate":"https:\/\/maxwise.eu\/et\/?s={search_term_string}"},"query-input":{"@type":"PropertyValueSpecification","valueRequired":true,"valueName":"search_term_string"}}],"inLanguage":"et"},{"@type":"Organization","@id":"https:\/\/maxwise.eu\/et\/#organization","name":"MAXWISE","url":"https:\/\/maxwise.eu\/et\/","logo":{"@type":"ImageObject","inLanguage":"et","@id":"https:\/\/maxwise.eu\/et\/#\/schema\/logo\/image\/","url":"https:\/\/maxwise.eu\/wp-content\/uploads\/2026\/01\/cropped-maxwise_logo_rgb_new.png","contentUrl":"https:\/\/maxwise.eu\/wp-content\/uploads\/2026\/01\/cropped-maxwise_logo_rgb_new.png","width":937,"height":240,"caption":"MAXWISE"},"image":{"@id":"https:\/\/maxwise.eu\/et\/#\/schema\/logo\/image\/"},"sameAs":["https:\/\/www.facebook.com\/maxwise.eu"]}]}},"_links":{"self":[{"href":"https:\/\/maxwise.eu\/et\/wp-json\/wp\/v2\/pages\/1026","targetHints":{"allow":["GET"]}}],"collection":[{"href":"https:\/\/maxwise.eu\/et\/wp-json\/wp\/v2\/pages"}],"about":[{"href":"https:\/\/maxwise.eu\/et\/wp-json\/wp\/v2\/types\/page"}],"author":[{"embeddable":true,"href":"https:\/\/maxwise.eu\/et\/wp-json\/wp\/v2\/users\/1"}],"replies":[{"embeddable":true,"href":"https:\/\/maxwise.eu\/et\/wp-json\/wp\/v2\/comments?post=1026"}],"version-history":[{"count":3,"href":"https:\/\/maxwise.eu\/et\/wp-json\/wp\/v2\/pages\/1026\/revisions"}],"predecessor-version":[{"id":2692,"href":"https:\/\/maxwise.eu\/et\/wp-json\/wp\/v2\/pages\/1026\/revisions\/2692"}],"wp:attachment":[{"href":"https:\/\/maxwise.eu\/et\/wp-json\/wp\/v2\/media?parent=1026"}],"curies":[{"name":"wp","href":"https:\/\/api.w.org\/{rel}","templated":true}]}}